{"id":292,"date":"2021-01-08T10:00:10","date_gmt":"2021-01-08T09:00:10","guid":{"rendered":"http:\/\/site.chaixavocat.com\/?page_id=292"},"modified":"2021-03-07T17:43:44","modified_gmt":"2021-03-07T16:43:44","slug":"gestion-du-personnel","status":"publish","type":"page","link":"https:\/\/chaixavocat.com\/index.php\/gestion-du-personnel\/","title":{"rendered":"Gestion du personnel"},"content":{"rendered":"\t\t<div data-elementor-type=\"wp-page\" data-elementor-id=\"292\" class=\"elementor elementor-292\">\n\t\t\t\t\t\t<section class=\"elementor-section elementor-top-section elementor-element elementor-element-44b472c elementor-section-boxed elementor-section-height-default elementor-section-height-default\" data-id=\"44b472c\" data-element_type=\"section\">\n\t\t\t\t\t\t<div class=\"elementor-container elementor-column-gap-default\">\n\t\t\t\t\t<div class=\"elementor-column elementor-col-100 elementor-top-column elementor-element elementor-element-33bc3e4\" data-id=\"33bc3e4\" data-element_type=\"column\">\n\t\t\t<div class=\"elementor-widget-wrap elementor-element-populated\">\n\t\t\t\t\t\t<div class=\"elementor-element elementor-element-2d4e3b1 elementor-widget elementor-widget-heading\" data-id=\"2d4e3b1\" data-element_type=\"widget\" data-widget_type=\"heading.default\">\n\t\t\t\t<div class=\"elementor-widget-container\">\n\t\t\t\t\t<h2 class=\"elementor-heading-title elementor-size-default\">GESTION DU PERSONNEL<\/h2>\t\t\t\t<\/div>\n\t\t\t\t<\/div>\n\t\t\t\t<section class=\"elementor-section elementor-inner-section elementor-element elementor-element-b492638 elementor-section-boxed elementor-section-height-default elementor-section-height-default\" data-id=\"b492638\" data-element_type=\"section\">\n\t\t\t\t\t\t<div class=\"elementor-container elementor-column-gap-default\">\n\t\t\t\t\t<div class=\"elementor-column elementor-col-50 elementor-inner-column elementor-element elementor-element-2202834\" data-id=\"2202834\" data-element_type=\"column\">\n\t\t\t<div class=\"elementor-widget-wrap elementor-element-populated\">\n\t\t\t\t\t\t<div class=\"elementor-element elementor-element-a8851b0 elementor-widget elementor-widget-heading\" data-id=\"a8851b0\" data-element_type=\"widget\" data-widget_type=\"heading.default\">\n\t\t\t\t<div class=\"elementor-widget-container\">\n\t\t\t\t\t<h2 class=\"elementor-heading-title elementor-size-default\">Relations individuelles<\/h2>\t\t\t\t<\/div>\n\t\t\t\t<\/div>\n\t\t\t\t<div class=\"elementor-element elementor-element-083da75 elementor-widget elementor-widget-text-editor\" data-id=\"083da75\" data-element_type=\"widget\" data-widget_type=\"text-editor.default\">\n\t\t\t\t<div class=\"elementor-widget-container\">\n\t\t\t\t\t\t\t\t\t<p>Le Cabinet vous accompagne \u00e0 tous les stades des relations avec vos salari\u00e9s, de l&rsquo;\u00e9laboration du contrat de travail, \u00e0 sa rupture.<\/p><p>Plus pr\u00e9cis\u00e9ment, nous intervenons pour :\u00a0<\/p><ul><li>la r\u00e9daction ou la modification d\u2019un <strong>contrat de travail<\/strong> (r\u00e9mun\u00e9ration, non-concurrence, temps de travail, expatriation, d\u00e9tachement, etc\u2026) ;<\/li><li><i class=\"icon-default-style icon-salient-thin-line accent-color\"><\/i>vous <strong>accompagner dans un contexte de tension de la relation de travail<\/strong> (exercice du pouvoir disciplinaire, alerte d&rsquo;un salari\u00e9 sur une situation de discrimination ou de harc\u00e8lement, etc&#8230;) ;\u00a0<\/li><li>la mise en place, de mani\u00e8re pratique, des <strong>dispositions sp\u00e9cifiques aux salari\u00e9s prot\u00e9g\u00e9s<\/strong> (mise en place de bons de d\u00e9l\u00e9gation, etc&#8230;) ;<\/li><li><i class=\"icon-default-style icon-salient-thin-line accent-color\"><\/i>s\u00e9curiser les <strong>ruptures de contrat de travail<\/strong> (rupture conventionnelle, licenciement individuel, \u00e9conomique, disciplinaire, ou inaptitude).<\/li><\/ul>\t\t\t\t\t\t\t\t<\/div>\n\t\t\t\t<\/div>\n\t\t\t\t\t<\/div>\n\t\t<\/div>\n\t\t\t\t<div class=\"elementor-column elementor-col-50 elementor-inner-column elementor-element elementor-element-0d64513\" data-id=\"0d64513\" data-element_type=\"column\">\n\t\t\t<div class=\"elementor-widget-wrap elementor-element-populated\">\n\t\t\t\t\t\t<div class=\"elementor-element elementor-element-ebe45b4 elementor-widget elementor-widget-spacer\" data-id=\"ebe45b4\" data-element_type=\"widget\" data-widget_type=\"spacer.default\">\n\t\t\t\t<div class=\"elementor-widget-container\">\n\t\t\t\t\t\t\t<div class=\"elementor-spacer\">\n\t\t\t<div class=\"elementor-spacer-inner\"><\/div>\n\t\t<\/div>\n\t\t\t\t\t\t<\/div>\n\t\t\t\t<\/div>\n\t\t\t\t<div class=\"elementor-element elementor-element-206b992 elementor-widget elementor-widget-image\" data-id=\"206b992\" data-element_type=\"widget\" data-widget_type=\"image.default\">\n\t\t\t\t<div class=\"elementor-widget-container\">\n\t\t\t\t\t\t\t\t\t\t\t\t\t\t\t<img fetchpriority=\"high\" decoding=\"async\" width=\"357\" height=\"240\" src=\"https:\/\/chaixavocat.com\/wp-content\/uploads\/2021\/02\/relation-individuelle.jpg\" class=\"attachment-large size-large wp-image-653\" alt=\"\" srcset=\"https:\/\/chaixavocat.com\/wp-content\/uploads\/2021\/02\/relation-individuelle.jpg 357w, https:\/\/chaixavocat.com\/wp-content\/uploads\/2021\/02\/relation-individuelle-300x202.jpg 300w\" sizes=\"(max-width: 357px) 100vw, 357px\" \/>\t\t\t\t\t\t\t\t\t\t\t\t\t\t\t<\/div>\n\t\t\t\t<\/div>\n\t\t\t\t\t<\/div>\n\t\t<\/div>\n\t\t\t\t\t<\/div>\n\t\t<\/section>\n\t\t\t\t\t<\/div>\n\t\t<\/div>\n\t\t\t\t\t<\/div>\n\t\t<\/section>\n\t\t\t\t<section class=\"elementor-section elementor-top-section elementor-element elementor-element-1590f40 elementor-section-boxed elementor-section-height-default elementor-section-height-default\" data-id=\"1590f40\" data-element_type=\"section\">\n\t\t\t\t\t\t<div class=\"elementor-container elementor-column-gap-default\">\n\t\t\t\t\t<div class=\"elementor-column elementor-col-100 elementor-top-column elementor-element elementor-element-a4fdca8\" data-id=\"a4fdca8\" data-element_type=\"column\">\n\t\t\t<div class=\"elementor-widget-wrap elementor-element-populated\">\n\t\t\t\t\t\t<section class=\"elementor-section elementor-inner-section elementor-element elementor-element-2496772 elementor-section-boxed elementor-section-height-default elementor-section-height-default\" data-id=\"2496772\" data-element_type=\"section\">\n\t\t\t\t\t\t<div class=\"elementor-container elementor-column-gap-default\">\n\t\t\t\t\t<div class=\"elementor-column elementor-col-50 elementor-inner-column elementor-element elementor-element-06f3070\" data-id=\"06f3070\" data-element_type=\"column\">\n\t\t\t<div class=\"elementor-widget-wrap elementor-element-populated\">\n\t\t\t\t\t\t<div class=\"elementor-element elementor-element-2648ad2 elementor-widget elementor-widget-heading\" data-id=\"2648ad2\" data-element_type=\"widget\" data-widget_type=\"heading.default\">\n\t\t\t\t<div class=\"elementor-widget-container\">\n\t\t\t\t\t<h2 class=\"elementor-heading-title elementor-size-default\">Relations collectives<\/h2>\t\t\t\t<\/div>\n\t\t\t\t<\/div>\n\t\t\t\t<div class=\"elementor-element elementor-element-db255e9 elementor-widget elementor-widget-text-editor\" data-id=\"db255e9\" data-element_type=\"widget\" data-widget_type=\"text-editor.default\">\n\t\t\t\t<div class=\"elementor-widget-container\">\n\t\t\t\t\t\t\t\t\t<p>Les relations collectives du travail recouvrent la gestion des <b>relations avec les instances repr\u00e9sentatives du personnel<\/b> (<b>CSE<\/b>), et la <b>n\u00e9gociation du statut collectif au sein de l\u2019entreprise<\/b>.<\/p><p>Leur maitrise est tr\u00e8s importante et contribue au maintien d&rsquo;un bon <b>climat social<\/b> dans les entreprises, fortement incit\u00e9es par le l\u00e9gislateur qui encourage (et quelque fois contraint) la n\u00e9gociation collective.<\/p><p>La gestion de ces relations collectives <b>implique<\/b><span style=\"color: var(--global-palette4); font-family: var(--global-body-font-family);\"><b> une parfaite connaissance de la l\u00e9gislation<\/b> et de son interpr\u00e9tation jurisprudentielle, en constante \u00e9volution.<\/span><\/p>\t\t\t\t\t\t\t\t<\/div>\n\t\t\t\t<\/div>\n\t\t\t\t<div class=\"elementor-element elementor-element-3c337b0 elementor-widget elementor-widget-spacer\" data-id=\"3c337b0\" data-element_type=\"widget\" data-widget_type=\"spacer.default\">\n\t\t\t\t<div class=\"elementor-widget-container\">\n\t\t\t\t\t\t\t<div class=\"elementor-spacer\">\n\t\t\t<div class=\"elementor-spacer-inner\"><\/div>\n\t\t<\/div>\n\t\t\t\t\t\t<\/div>\n\t\t\t\t<\/div>\n\t\t\t\t<div class=\"elementor-element elementor-element-6061b73 elementor-widget elementor-widget-image\" data-id=\"6061b73\" data-element_type=\"widget\" data-widget_type=\"image.default\">\n\t\t\t\t<div class=\"elementor-widget-container\">\n\t\t\t\t\t\t\t\t\t\t\t\t\t\t\t<img decoding=\"async\" width=\"360\" height=\"240\" src=\"https:\/\/chaixavocat.com\/wp-content\/uploads\/2021\/02\/relations-collectives2.jpeg\" class=\"attachment-large size-large wp-image-655\" alt=\"\" srcset=\"https:\/\/chaixavocat.com\/wp-content\/uploads\/2021\/02\/relations-collectives2.jpeg 360w, https:\/\/chaixavocat.com\/wp-content\/uploads\/2021\/02\/relations-collectives2-300x200.jpeg 300w\" sizes=\"(max-width: 360px) 100vw, 360px\" \/>\t\t\t\t\t\t\t\t\t\t\t\t\t\t\t<\/div>\n\t\t\t\t<\/div>\n\t\t\t\t\t<\/div>\n\t\t<\/div>\n\t\t\t\t<div class=\"elementor-column elementor-col-50 elementor-inner-column elementor-element elementor-element-b6c36f2\" data-id=\"b6c36f2\" data-element_type=\"column\">\n\t\t\t<div class=\"elementor-widget-wrap elementor-element-populated\">\n\t\t\t\t\t\t<div class=\"elementor-element elementor-element-491de04 elementor-widget elementor-widget-spacer\" data-id=\"491de04\" data-element_type=\"widget\" data-widget_type=\"spacer.default\">\n\t\t\t\t<div class=\"elementor-widget-container\">\n\t\t\t\t\t\t\t<div class=\"elementor-spacer\">\n\t\t\t<div class=\"elementor-spacer-inner\"><\/div>\n\t\t<\/div>\n\t\t\t\t\t\t<\/div>\n\t\t\t\t<\/div>\n\t\t\t\t<div class=\"elementor-element elementor-element-d68b7e7 elementor-widget elementor-widget-image\" data-id=\"d68b7e7\" data-element_type=\"widget\" data-widget_type=\"image.default\">\n\t\t\t\t<div class=\"elementor-widget-container\">\n\t\t\t\t\t\t\t\t\t\t\t\t\t\t\t<img decoding=\"async\" width=\"379\" height=\"240\" src=\"https:\/\/chaixavocat.com\/wp-content\/uploads\/2021\/02\/relations-collectives3.jpg\" class=\"attachment-full size-full wp-image-656\" alt=\"\" srcset=\"https:\/\/chaixavocat.com\/wp-content\/uploads\/2021\/02\/relations-collectives3.jpg 379w, https:\/\/chaixavocat.com\/wp-content\/uploads\/2021\/02\/relations-collectives3-300x190.jpg 300w\" sizes=\"(max-width: 379px) 100vw, 379px\" \/>\t\t\t\t\t\t\t\t\t\t\t\t\t\t\t<\/div>\n\t\t\t\t<\/div>\n\t\t\t\t<div class=\"elementor-element elementor-element-f49914a elementor-widget elementor-widget-spacer\" data-id=\"f49914a\" data-element_type=\"widget\" data-widget_type=\"spacer.default\">\n\t\t\t\t<div class=\"elementor-widget-container\">\n\t\t\t\t\t\t\t<div class=\"elementor-spacer\">\n\t\t\t<div class=\"elementor-spacer-inner\"><\/div>\n\t\t<\/div>\n\t\t\t\t\t\t<\/div>\n\t\t\t\t<\/div>\n\t\t\t\t<div class=\"elementor-element elementor-element-1a2062b elementor-widget elementor-widget-text-editor\" data-id=\"1a2062b\" data-element_type=\"widget\" data-widget_type=\"text-editor.default\">\n\t\t\t\t<div class=\"elementor-widget-container\">\n\t\t\t\t\t\t\t\t\t<p><span style=\"color: var(--global-palette4); font-family: var(--global-body-font-family);\">Le Cabinet vous accompagne lors de :<\/span><\/p><ul><li><strong>l&rsquo;\u00e9laboration et l&rsquo;adaptation des accords collectifs<\/strong> au sein de votre entreprise (organisation et dur\u00e9e du travail, \u00e9pargne salariale, GPEC, \u00e9galit\u00e9 professionnelle, t\u00e9l\u00e9travail, etc&#8230;) ;<\/li><li>l&rsquo;\u00e9laboration et la <strong>mise en place<\/strong> des autres \u00e9l\u00e9ments du statut collectifs, tels que le <strong>r\u00e8glement int\u00e9rieur<\/strong>, la <strong>charte informatique<\/strong>, le plan d&rsquo;action sur l&rsquo;\u00e9galit\u00e9 professionnelle, etc&#8230;<\/li><li><strong>la mise en place et la gestion du CSE<\/strong> (organisation des \u00e9lections professionnelles, informations et consultation obligatoire, gestion des heures de d\u00e9l\u00e9gation, \u00e9laboration d&rsquo;un r\u00e8glement int\u00e9rieur du CSE, etc&#8230;).<\/li><\/ul>\t\t\t\t\t\t\t\t<\/div>\n\t\t\t\t<\/div>\n\t\t\t\t\t<\/div>\n\t\t<\/div>\n\t\t\t\t\t<\/div>\n\t\t<\/section>\n\t\t\t\t\t<\/div>\n\t\t<\/div>\n\t\t\t\t\t<\/div>\n\t\t<\/section>\n\t\t\t\t<\/div>\n\t\t","protected":false},"excerpt":{"rendered":"<p>GESTION DU PERSONNEL Relations individuelles Le Cabinet vous accompagne \u00e0 tous les stades des relations avec vos salari\u00e9s, de l&rsquo;\u00e9laboration du contrat de travail, \u00e0 sa rupture. Plus pr\u00e9cis\u00e9ment, nous intervenons pour :\u00a0 la r\u00e9daction ou la modification d\u2019un contrat de travail (r\u00e9mun\u00e9ration, non-concurrence, temps de travail, expatriation, d\u00e9tachement, etc\u2026) ; vous accompagner dans un&#8230;<\/p>\n","protected":false},"author":1,"featured_media":0,"parent":0,"menu_order":0,"comment_status":"closed","ping_status":"closed","template":"","meta":{"_kad_post_transparent":"","_kad_post_title":"hide","_kad_post_layout":"fullwidth","_kad_post_sidebar_id":"","_kad_post_content_style":"unboxed","_kad_post_vertical_padding":"hide","_kad_post_feature":"hide","_kad_post_feature_position":"","_kad_post_header":false,"_kad_post_footer":false,"footnotes":""},"class_list":["post-292","page","type-page","status-publish","hentry"],"yoast_head":"<!-- This site is optimized with the Yoast SEO plugin v25.2 - https:\/\/yoast.com\/wordpress\/plugins\/seo\/ -->\n<title>Gestion du personnel -<\/title>\n<meta name=\"robots\" content=\"index, follow, max-snippet:-1, max-image-preview:large, max-video-preview:-1\" \/>\n<link rel=\"canonical\" href=\"https:\/\/chaixavocat.com\/index.php\/gestion-du-personnel\/\" \/>\n<meta property=\"og:locale\" content=\"fr_FR\" \/>\n<meta property=\"og:type\" content=\"article\" \/>\n<meta property=\"og:title\" content=\"Gestion du personnel -\" \/>\n<meta property=\"og:description\" content=\"GESTION DU PERSONNEL Relations individuelles Le Cabinet vous accompagne \u00e0 tous les stades des relations avec vos salari\u00e9s, de l&rsquo;\u00e9laboration du contrat de travail, \u00e0 sa rupture. Plus pr\u00e9cis\u00e9ment, nous intervenons pour :\u00a0 la r\u00e9daction ou la modification d\u2019un contrat de travail (r\u00e9mun\u00e9ration, non-concurrence, temps de travail, expatriation, d\u00e9tachement, etc\u2026) ; vous accompagner dans un...\" \/>\n<meta property=\"og:url\" content=\"https:\/\/chaixavocat.com\/index.php\/gestion-du-personnel\/\" \/>\n<meta property=\"article:modified_time\" content=\"2021-03-07T16:43:44+00:00\" \/>\n<meta property=\"og:image\" content=\"https:\/\/chaixavocat.com\/wp-content\/uploads\/2021\/02\/relation-individuelle.jpg\" \/>\n<meta name=\"twitter:card\" content=\"summary_large_image\" \/>\n<meta name=\"twitter:label1\" content=\"Dur\u00e9e de lecture estim\u00e9e\" \/>\n\t<meta name=\"twitter:data1\" content=\"2 minutes\" \/>\n<script type=\"application\/ld+json\" class=\"yoast-schema-graph\">{\"@context\":\"https:\/\/schema.org\",\"@graph\":[{\"@type\":\"WebPage\",\"@id\":\"https:\/\/chaixavocat.com\/index.php\/gestion-du-personnel\/\",\"url\":\"https:\/\/chaixavocat.com\/index.php\/gestion-du-personnel\/\",\"name\":\"Gestion du personnel -\",\"isPartOf\":{\"@id\":\"https:\/\/chaixavocat.com\/#website\"},\"primaryImageOfPage\":{\"@id\":\"https:\/\/chaixavocat.com\/index.php\/gestion-du-personnel\/#primaryimage\"},\"image\":{\"@id\":\"https:\/\/chaixavocat.com\/index.php\/gestion-du-personnel\/#primaryimage\"},\"thumbnailUrl\":\"https:\/\/chaixavocat.com\/wp-content\/uploads\/2021\/02\/relation-individuelle.jpg\",\"datePublished\":\"2021-01-08T09:00:10+00:00\",\"dateModified\":\"2021-03-07T16:43:44+00:00\",\"breadcrumb\":{\"@id\":\"https:\/\/chaixavocat.com\/index.php\/gestion-du-personnel\/#breadcrumb\"},\"inLanguage\":\"fr-FR\",\"potentialAction\":[{\"@type\":\"ReadAction\",\"target\":[\"https:\/\/chaixavocat.com\/index.php\/gestion-du-personnel\/\"]}]},{\"@type\":\"ImageObject\",\"inLanguage\":\"fr-FR\",\"@id\":\"https:\/\/chaixavocat.com\/index.php\/gestion-du-personnel\/#primaryimage\",\"url\":\"https:\/\/chaixavocat.com\/wp-content\/uploads\/2021\/02\/relation-individuelle.jpg\",\"contentUrl\":\"https:\/\/chaixavocat.com\/wp-content\/uploads\/2021\/02\/relation-individuelle.jpg\",\"width\":357,\"height\":240},{\"@type\":\"BreadcrumbList\",\"@id\":\"https:\/\/chaixavocat.com\/index.php\/gestion-du-personnel\/#breadcrumb\",\"itemListElement\":[{\"@type\":\"ListItem\",\"position\":1,\"name\":\"Home\",\"item\":\"https:\/\/chaixavocat.com\/\"},{\"@type\":\"ListItem\",\"position\":2,\"name\":\"Gestion du personnel\"}]},{\"@type\":\"WebSite\",\"@id\":\"https:\/\/chaixavocat.com\/#website\",\"url\":\"https:\/\/chaixavocat.com\/\",\"name\":\"\",\"description\":\"AVOCAT EN DROIT DU TRAVAIL\",\"publisher\":{\"@id\":\"https:\/\/chaixavocat.com\/#organization\"},\"potentialAction\":[{\"@type\":\"SearchAction\",\"target\":{\"@type\":\"EntryPoint\",\"urlTemplate\":\"https:\/\/chaixavocat.com\/?s={search_term_string}\"},\"query-input\":{\"@type\":\"PropertyValueSpecification\",\"valueRequired\":true,\"valueName\":\"search_term_string\"}}],\"inLanguage\":\"fr-FR\"},{\"@type\":\"Organization\",\"@id\":\"https:\/\/chaixavocat.com\/#organization\",\"name\":\"Trsitan CHAIX AVOCAT\",\"url\":\"https:\/\/chaixavocat.com\/\",\"logo\":{\"@type\":\"ImageObject\",\"inLanguage\":\"fr-FR\",\"@id\":\"https:\/\/chaixavocat.com\/#\/schema\/logo\/image\/\",\"url\":\"https:\/\/chaixavocat.com\/wp-content\/uploads\/2021\/01\/logo-CHAiX-AVOCAT-2.png\",\"contentUrl\":\"https:\/\/chaixavocat.com\/wp-content\/uploads\/2021\/01\/logo-CHAiX-AVOCAT-2.png\",\"width\":500,\"height\":500,\"caption\":\"Trsitan CHAIX AVOCAT\"},\"image\":{\"@id\":\"https:\/\/chaixavocat.com\/#\/schema\/logo\/image\/\"}}]}<\/script>\n<!-- \/ Yoast SEO plugin. -->","yoast_head_json":{"title":"Gestion du personnel -","robots":{"index":"index","follow":"follow","max-snippet":"max-snippet:-1","max-image-preview":"max-image-preview:large","max-video-preview":"max-video-preview:-1"},"canonical":"https:\/\/chaixavocat.com\/index.php\/gestion-du-personnel\/","og_locale":"fr_FR","og_type":"article","og_title":"Gestion du personnel -","og_description":"GESTION DU PERSONNEL Relations individuelles Le Cabinet vous accompagne \u00e0 tous les stades des relations avec vos salari\u00e9s, de l&rsquo;\u00e9laboration du contrat de travail, \u00e0 sa rupture. Plus pr\u00e9cis\u00e9ment, nous intervenons pour :\u00a0 la r\u00e9daction ou la modification d\u2019un contrat de travail (r\u00e9mun\u00e9ration, non-concurrence, temps de travail, expatriation, d\u00e9tachement, etc\u2026) ; vous accompagner dans un...","og_url":"https:\/\/chaixavocat.com\/index.php\/gestion-du-personnel\/","article_modified_time":"2021-03-07T16:43:44+00:00","og_image":[{"url":"https:\/\/chaixavocat.com\/wp-content\/uploads\/2021\/02\/relation-individuelle.jpg","type":"","width":"","height":""}],"twitter_card":"summary_large_image","twitter_misc":{"Dur\u00e9e de lecture estim\u00e9e":"2 minutes"},"schema":{"@context":"https:\/\/schema.org","@graph":[{"@type":"WebPage","@id":"https:\/\/chaixavocat.com\/index.php\/gestion-du-personnel\/","url":"https:\/\/chaixavocat.com\/index.php\/gestion-du-personnel\/","name":"Gestion du personnel -","isPartOf":{"@id":"https:\/\/chaixavocat.com\/#website"},"primaryImageOfPage":{"@id":"https:\/\/chaixavocat.com\/index.php\/gestion-du-personnel\/#primaryimage"},"image":{"@id":"https:\/\/chaixavocat.com\/index.php\/gestion-du-personnel\/#primaryimage"},"thumbnailUrl":"https:\/\/chaixavocat.com\/wp-content\/uploads\/2021\/02\/relation-individuelle.jpg","datePublished":"2021-01-08T09:00:10+00:00","dateModified":"2021-03-07T16:43:44+00:00","breadcrumb":{"@id":"https:\/\/chaixavocat.com\/index.php\/gestion-du-personnel\/#breadcrumb"},"inLanguage":"fr-FR","potentialAction":[{"@type":"ReadAction","target":["https:\/\/chaixavocat.com\/index.php\/gestion-du-personnel\/"]}]},{"@type":"ImageObject","inLanguage":"fr-FR","@id":"https:\/\/chaixavocat.com\/index.php\/gestion-du-personnel\/#primaryimage","url":"https:\/\/chaixavocat.com\/wp-content\/uploads\/2021\/02\/relation-individuelle.jpg","contentUrl":"https:\/\/chaixavocat.com\/wp-content\/uploads\/2021\/02\/relation-individuelle.jpg","width":357,"height":240},{"@type":"BreadcrumbList","@id":"https:\/\/chaixavocat.com\/index.php\/gestion-du-personnel\/#breadcrumb","itemListElement":[{"@type":"ListItem","position":1,"name":"Home","item":"https:\/\/chaixavocat.com\/"},{"@type":"ListItem","position":2,"name":"Gestion du personnel"}]},{"@type":"WebSite","@id":"https:\/\/chaixavocat.com\/#website","url":"https:\/\/chaixavocat.com\/","name":"","description":"AVOCAT EN DROIT DU TRAVAIL","publisher":{"@id":"https:\/\/chaixavocat.com\/#organization"},"potentialAction":[{"@type":"SearchAction","target":{"@type":"EntryPoint","urlTemplate":"https:\/\/chaixavocat.com\/?s={search_term_string}"},"query-input":{"@type":"PropertyValueSpecification","valueRequired":true,"valueName":"search_term_string"}}],"inLanguage":"fr-FR"},{"@type":"Organization","@id":"https:\/\/chaixavocat.com\/#organization","name":"Trsitan CHAIX AVOCAT","url":"https:\/\/chaixavocat.com\/","logo":{"@type":"ImageObject","inLanguage":"fr-FR","@id":"https:\/\/chaixavocat.com\/#\/schema\/logo\/image\/","url":"https:\/\/chaixavocat.com\/wp-content\/uploads\/2021\/01\/logo-CHAiX-AVOCAT-2.png","contentUrl":"https:\/\/chaixavocat.com\/wp-content\/uploads\/2021\/01\/logo-CHAiX-AVOCAT-2.png","width":500,"height":500,"caption":"Trsitan CHAIX AVOCAT"},"image":{"@id":"https:\/\/chaixavocat.com\/#\/schema\/logo\/image\/"}}]}},"_links":{"self":[{"href":"https:\/\/chaixavocat.com\/index.php\/wp-json\/wp\/v2\/pages\/292","targetHints":{"allow":["GET"]}}],"collection":[{"href":"https:\/\/chaixavocat.com\/index.php\/wp-json\/wp\/v2\/pages"}],"about":[{"href":"https:\/\/chaixavocat.com\/index.php\/wp-json\/wp\/v2\/types\/page"}],"author":[{"embeddable":true,"href":"https:\/\/chaixavocat.com\/index.php\/wp-json\/wp\/v2\/users\/1"}],"replies":[{"embeddable":true,"href":"https:\/\/chaixavocat.com\/index.php\/wp-json\/wp\/v2\/comments?post=292"}],"version-history":[{"count":31,"href":"https:\/\/chaixavocat.com\/index.php\/wp-json\/wp\/v2\/pages\/292\/revisions"}],"predecessor-version":[{"id":896,"href":"https:\/\/chaixavocat.com\/index.php\/wp-json\/wp\/v2\/pages\/292\/revisions\/896"}],"wp:attachment":[{"href":"https:\/\/chaixavocat.com\/index.php\/wp-json\/wp\/v2\/media?parent=292"}],"curies":[{"name":"wp","href":"https:\/\/api.w.org\/{rel}","templated":true}]}}