{"id":294,"date":"2021-01-08T10:00:28","date_gmt":"2021-01-08T09:00:28","guid":{"rendered":"http:\/\/site.chaixavocat.com\/?page_id=294"},"modified":"2021-03-07T17:41:30","modified_gmt":"2021-03-07T16:41:30","slug":"contentieux-prudhomal","status":"publish","type":"page","link":"https:\/\/chaixavocat.com\/index.php\/contentieux-prudhomal\/","title":{"rendered":"Contentieux prud&rsquo;homal"},"content":{"rendered":"\t\t<div data-elementor-type=\"wp-page\" data-elementor-id=\"294\" class=\"elementor elementor-294\">\n\t\t\t\t\t\t<section class=\"elementor-section elementor-top-section elementor-element elementor-element-0524c7b elementor-section-boxed elementor-section-height-default elementor-section-height-default\" data-id=\"0524c7b\" data-element_type=\"section\">\n\t\t\t\t\t\t<div class=\"elementor-container elementor-column-gap-default\">\n\t\t\t\t\t<div class=\"elementor-column elementor-col-100 elementor-top-column elementor-element elementor-element-9e03984\" data-id=\"9e03984\" data-element_type=\"column\">\n\t\t\t<div class=\"elementor-widget-wrap elementor-element-populated\">\n\t\t\t\t\t\t<div class=\"elementor-element elementor-element-644ac5f elementor-widget elementor-widget-heading\" data-id=\"644ac5f\" data-element_type=\"widget\" data-widget_type=\"heading.default\">\n\t\t\t\t<div class=\"elementor-widget-container\">\n\t\t\t\t\t<h2 class=\"elementor-heading-title elementor-size-default\">CONTENTIEUX PRUD'HOMAL<\/h2>\t\t\t\t<\/div>\n\t\t\t\t<\/div>\n\t\t\t\t\t<\/div>\n\t\t<\/div>\n\t\t\t\t\t<\/div>\n\t\t<\/section>\n\t\t\t\t<section class=\"elementor-section elementor-top-section elementor-element elementor-element-1bb2c5c elementor-section-boxed elementor-section-height-default elementor-section-height-default\" data-id=\"1bb2c5c\" data-element_type=\"section\">\n\t\t\t\t\t\t<div class=\"elementor-container elementor-column-gap-default\">\n\t\t\t\t\t<div class=\"elementor-column elementor-col-100 elementor-top-column elementor-element elementor-element-4709e47\" data-id=\"4709e47\" data-element_type=\"column\">\n\t\t\t<div class=\"elementor-widget-wrap elementor-element-populated\">\n\t\t\t\t\t\t<section class=\"elementor-section elementor-inner-section elementor-element elementor-element-51fab21 elementor-section-boxed elementor-section-height-default elementor-section-height-default\" data-id=\"51fab21\" data-element_type=\"section\">\n\t\t\t\t\t\t<div class=\"elementor-container elementor-column-gap-default\">\n\t\t\t\t\t<div class=\"elementor-column elementor-col-50 elementor-inner-column elementor-element elementor-element-4b686cb\" data-id=\"4b686cb\" data-element_type=\"column\">\n\t\t\t<div class=\"elementor-widget-wrap elementor-element-populated\">\n\t\t\t\t\t\t<div class=\"elementor-element elementor-element-e4cdbf8 elementor-widget elementor-widget-heading\" data-id=\"e4cdbf8\" data-element_type=\"widget\" data-widget_type=\"heading.default\">\n\t\t\t\t<div class=\"elementor-widget-container\">\n\t\t\t\t\t<h2 class=\"elementor-heading-title elementor-size-default\">N\u00e9gociation et transaction<\/h2>\t\t\t\t<\/div>\n\t\t\t\t<\/div>\n\t\t\t\t<div class=\"elementor-element elementor-element-f29ae8a elementor-widget elementor-widget-text-editor\" data-id=\"f29ae8a\" data-element_type=\"widget\" data-widget_type=\"text-editor.default\">\n\t\t\t\t<div class=\"elementor-widget-container\">\n\t\t\t\t\t\t\t\t\t<p>Les litiges entre l&rsquo;Employeur et le salari\u00e9 concernant l&rsquo;ex\u00e9cution du contrat de travail peuvent amener \u00e0 une d\u00e9t\u00e9rioration des relations, et engendrer un climat pesant au sein m\u00eame de l&rsquo;entreprise.<\/p><p>Afin de pallier ces cons\u00e9quences, il peut \u00eatre n\u00e9cessaire de transiger dans le but de trouver une issue amiable au litige, que ce soit pour le cl\u00f4turer d\u00e9finitivement, ou encore de n\u00e9gocier la rupture du contrat de travail du salari\u00e9.<\/p><p>De m\u00eame, un contentieux prud&rsquo;homal avec un salari\u00e9 qui a \u00e9t\u00e9 licenci\u00e9 peut entamer durablement l&rsquo;image de marque de l&rsquo;entreprise, ou encore entrainer un risque de condamnation prud&rsquo;homal tr\u00e8s important.<\/p>\t\t\t\t\t\t\t\t<\/div>\n\t\t\t\t<\/div>\n\t\t\t\t<div class=\"elementor-element elementor-element-1b258ef elementor-widget elementor-widget-image\" data-id=\"1b258ef\" data-element_type=\"widget\" data-widget_type=\"image.default\">\n\t\t\t\t<div class=\"elementor-widget-container\">\n\t\t\t\t\t\t\t\t\t\t\t\t\t\t\t<img fetchpriority=\"high\" decoding=\"async\" width=\"360\" height=\"240\" src=\"https:\/\/chaixavocat.com\/wp-content\/uploads\/2021\/02\/relations-collectives2-1.jpeg\" class=\"attachment-large size-large wp-image-664\" alt=\"\" srcset=\"https:\/\/chaixavocat.com\/wp-content\/uploads\/2021\/02\/relations-collectives2-1.jpeg 360w, https:\/\/chaixavocat.com\/wp-content\/uploads\/2021\/02\/relations-collectives2-1-300x200.jpeg 300w\" sizes=\"(max-width: 360px) 100vw, 360px\" \/>\t\t\t\t\t\t\t\t\t\t\t\t\t\t\t<\/div>\n\t\t\t\t<\/div>\n\t\t\t\t\t<\/div>\n\t\t<\/div>\n\t\t\t\t<div class=\"elementor-column elementor-col-50 elementor-inner-column elementor-element elementor-element-40572cb\" data-id=\"40572cb\" data-element_type=\"column\">\n\t\t\t<div class=\"elementor-widget-wrap elementor-element-populated\">\n\t\t\t\t\t\t<div class=\"elementor-element elementor-element-8486222 elementor-widget elementor-widget-spacer\" data-id=\"8486222\" data-element_type=\"widget\" data-widget_type=\"spacer.default\">\n\t\t\t\t<div class=\"elementor-widget-container\">\n\t\t\t\t\t\t\t<div class=\"elementor-spacer\">\n\t\t\t<div class=\"elementor-spacer-inner\"><\/div>\n\t\t<\/div>\n\t\t\t\t\t\t<\/div>\n\t\t\t\t<\/div>\n\t\t\t\t<div class=\"elementor-element elementor-element-a6ec8dd elementor-widget elementor-widget-image\" data-id=\"a6ec8dd\" data-element_type=\"widget\" data-widget_type=\"image.default\">\n\t\t\t\t<div class=\"elementor-widget-container\">\n\t\t\t\t\t\t\t\t\t\t\t\t\t\t\t<img decoding=\"async\" width=\"352\" height=\"240\" src=\"https:\/\/chaixavocat.com\/wp-content\/uploads\/2021\/02\/negociation.jpg\" class=\"attachment-large size-large wp-image-703\" alt=\"\" srcset=\"https:\/\/chaixavocat.com\/wp-content\/uploads\/2021\/02\/negociation.jpg 352w, https:\/\/chaixavocat.com\/wp-content\/uploads\/2021\/02\/negociation-300x205.jpg 300w\" sizes=\"(max-width: 352px) 100vw, 352px\" \/>\t\t\t\t\t\t\t\t\t\t\t\t\t\t\t<\/div>\n\t\t\t\t<\/div>\n\t\t\t\t<div class=\"elementor-element elementor-element-f54b71b elementor-widget elementor-widget-spacer\" data-id=\"f54b71b\" data-element_type=\"widget\" data-widget_type=\"spacer.default\">\n\t\t\t\t<div class=\"elementor-widget-container\">\n\t\t\t\t\t\t\t<div class=\"elementor-spacer\">\n\t\t\t<div class=\"elementor-spacer-inner\"><\/div>\n\t\t<\/div>\n\t\t\t\t\t\t<\/div>\n\t\t\t\t<\/div>\n\t\t\t\t<div class=\"elementor-element elementor-element-9757834 elementor-widget elementor-widget-text-editor\" data-id=\"9757834\" data-element_type=\"widget\" data-widget_type=\"text-editor.default\">\n\t\t\t\t<div class=\"elementor-widget-container\">\n\t\t\t\t\t\t\t\t\t<p>Afin de d\u00e9terminer l&rsquo;opportunit\u00e9 d&rsquo;un r\u00e8glement amiable du litige, nous r\u00e9alisons une analyse approfondie de la situation, que ce soit concernant les chances de succ\u00e8s d&rsquo;une instance prud&rsquo;homale, mais aussi une <strong>\u00e9valuation pr\u00e9cise des risques financiers encourus<\/strong>.<\/p><p>Lorsqu&rsquo;il est possible de trouver un accord, nous intervenons afin de <strong>n\u00e9gocier<\/strong> avec la partie adverse<strong> un protocole transactionnel pr\u00e9servant l&rsquo;ensemble de vos int\u00e9r\u00eats<\/strong>.<\/p>\t\t\t\t\t\t\t\t<\/div>\n\t\t\t\t<\/div>\n\t\t\t\t\t<\/div>\n\t\t<\/div>\n\t\t\t\t\t<\/div>\n\t\t<\/section>\n\t\t\t\t\t<\/div>\n\t\t<\/div>\n\t\t\t\t\t<\/div>\n\t\t<\/section>\n\t\t\t\t<section class=\"elementor-section elementor-top-section elementor-element elementor-element-58b58ea elementor-section-boxed elementor-section-height-default elementor-section-height-default\" data-id=\"58b58ea\" data-element_type=\"section\">\n\t\t\t\t\t\t<div class=\"elementor-container elementor-column-gap-default\">\n\t\t\t\t\t<div class=\"elementor-column elementor-col-100 elementor-top-column elementor-element elementor-element-402ef6b\" data-id=\"402ef6b\" data-element_type=\"column\">\n\t\t\t<div class=\"elementor-widget-wrap elementor-element-populated\">\n\t\t\t\t\t\t<section class=\"elementor-section elementor-inner-section elementor-element elementor-element-c0baabb elementor-section-boxed elementor-section-height-default elementor-section-height-default\" data-id=\"c0baabb\" data-element_type=\"section\">\n\t\t\t\t\t\t<div class=\"elementor-container elementor-column-gap-default\">\n\t\t\t\t\t<div class=\"elementor-column elementor-col-50 elementor-inner-column elementor-element elementor-element-668f51c\" data-id=\"668f51c\" data-element_type=\"column\">\n\t\t\t<div class=\"elementor-widget-wrap elementor-element-populated\">\n\t\t\t\t\t\t<div class=\"elementor-element elementor-element-507fb68 elementor-widget elementor-widget-heading\" data-id=\"507fb68\" data-element_type=\"widget\" data-widget_type=\"heading.default\">\n\t\t\t\t<div class=\"elementor-widget-container\">\n\t\t\t\t\t<h2 class=\"elementor-heading-title elementor-size-default\">Proc\u00e9dure judiciaire<\/h2>\t\t\t\t<\/div>\n\t\t\t\t<\/div>\n\t\t\t\t<div class=\"elementor-element elementor-element-a19a480 elementor-widget elementor-widget-text-editor\" data-id=\"a19a480\" data-element_type=\"widget\" data-widget_type=\"text-editor.default\">\n\t\t\t\t<div class=\"elementor-widget-container\">\n\t\t\t\t\t\t\t\t\t<p>Chacun des dossiers que nous traitons fait l\u2019objet d\u2019une analyse approfondie afin que vous soyez en mesure de connaitre pr\u00e9cis\u00e9ment la situation \u00e0 laquelle vous faites fasse, les risques encourus et les chances de succ\u00e8s dans le cadre d\u2019un contentieux.<\/p><p>Cette phase est, selon nous, primordiale et permettra d\u2019\u00e9laborer, \u00e0 vos c\u00f4t\u00e9s, la strat\u00e9gie ad\u00e9quate permettant de sauvegarder vos int\u00e9r\u00eats devant le Conseil de prud\u2019hommes, mais aussi la Cour d\u2019appel.<\/p>\t\t\t\t\t\t\t\t<\/div>\n\t\t\t\t<\/div>\n\t\t\t\t<div class=\"elementor-element elementor-element-49c59b8 elementor-widget elementor-widget-spacer\" data-id=\"49c59b8\" data-element_type=\"widget\" data-widget_type=\"spacer.default\">\n\t\t\t\t<div class=\"elementor-widget-container\">\n\t\t\t\t\t\t\t<div class=\"elementor-spacer\">\n\t\t\t<div class=\"elementor-spacer-inner\"><\/div>\n\t\t<\/div>\n\t\t\t\t\t\t<\/div>\n\t\t\t\t<\/div>\n\t\t\t\t<div class=\"elementor-element elementor-element-e4f41b9 elementor-widget elementor-widget-image\" data-id=\"e4f41b9\" data-element_type=\"widget\" data-widget_type=\"image.default\">\n\t\t\t\t<div class=\"elementor-widget-container\">\n\t\t\t\t\t\t\t\t\t\t\t\t\t\t\t<img decoding=\"async\" width=\"411\" height=\"240\" src=\"https:\/\/chaixavocat.com\/wp-content\/uploads\/2021\/02\/tribunal.jpg\" class=\"attachment-large size-large wp-image-707\" alt=\"\" srcset=\"https:\/\/chaixavocat.com\/wp-content\/uploads\/2021\/02\/tribunal.jpg 411w, https:\/\/chaixavocat.com\/wp-content\/uploads\/2021\/02\/tribunal-300x175.jpg 300w\" sizes=\"(max-width: 411px) 100vw, 411px\" \/>\t\t\t\t\t\t\t\t\t\t\t\t\t\t\t<\/div>\n\t\t\t\t<\/div>\n\t\t\t\t\t<\/div>\n\t\t<\/div>\n\t\t\t\t<div class=\"elementor-column elementor-col-50 elementor-inner-column elementor-element elementor-element-43670fc\" data-id=\"43670fc\" data-element_type=\"column\">\n\t\t\t<div class=\"elementor-widget-wrap elementor-element-populated\">\n\t\t\t\t\t\t<div class=\"elementor-element elementor-element-9f5f809 elementor-widget elementor-widget-spacer\" data-id=\"9f5f809\" data-element_type=\"widget\" data-widget_type=\"spacer.default\">\n\t\t\t\t<div class=\"elementor-widget-container\">\n\t\t\t\t\t\t\t<div class=\"elementor-spacer\">\n\t\t\t<div class=\"elementor-spacer-inner\"><\/div>\n\t\t<\/div>\n\t\t\t\t\t\t<\/div>\n\t\t\t\t<\/div>\n\t\t\t\t<div class=\"elementor-element elementor-element-9aba8b3 elementor-widget elementor-widget-image\" data-id=\"9aba8b3\" data-element_type=\"widget\" data-widget_type=\"image.default\">\n\t\t\t\t<div class=\"elementor-widget-container\">\n\t\t\t\t\t\t\t\t\t\t\t\t\t\t\t<img loading=\"lazy\" decoding=\"async\" width=\"300\" height=\"203\" src=\"https:\/\/chaixavocat.com\/wp-content\/uploads\/2021\/02\/Avocat2-300x203.jpg\" class=\"attachment-medium size-medium wp-image-758\" alt=\"\" srcset=\"https:\/\/chaixavocat.com\/wp-content\/uploads\/2021\/02\/Avocat2-300x203.jpg 300w, https:\/\/chaixavocat.com\/wp-content\/uploads\/2021\/02\/Avocat2-1024x694.jpg 1024w, https:\/\/chaixavocat.com\/wp-content\/uploads\/2021\/02\/Avocat2-768x521.jpg 768w, https:\/\/chaixavocat.com\/wp-content\/uploads\/2021\/02\/Avocat2-1536x1041.jpg 1536w, https:\/\/chaixavocat.com\/wp-content\/uploads\/2021\/02\/Avocat2-2048x1389.jpg 2048w\" sizes=\"(max-width: 300px) 100vw, 300px\" \/>\t\t\t\t\t\t\t\t\t\t\t\t\t\t\t<\/div>\n\t\t\t\t<\/div>\n\t\t\t\t<div class=\"elementor-element elementor-element-cfb0374 elementor-widget elementor-widget-spacer\" data-id=\"cfb0374\" data-element_type=\"widget\" data-widget_type=\"spacer.default\">\n\t\t\t\t<div class=\"elementor-widget-container\">\n\t\t\t\t\t\t\t<div class=\"elementor-spacer\">\n\t\t\t<div class=\"elementor-spacer-inner\"><\/div>\n\t\t<\/div>\n\t\t\t\t\t\t<\/div>\n\t\t\t\t<\/div>\n\t\t\t\t<div class=\"elementor-element elementor-element-29b57cb elementor-widget elementor-widget-text-editor\" data-id=\"29b57cb\" data-element_type=\"widget\" data-widget_type=\"text-editor.default\">\n\t\t\t\t<div class=\"elementor-widget-container\">\n\t\t\t\t\t\t\t\t\t<p>Plus pr\u00e9cis\u00e9ment :<\/p><ul><li>nous vous pr\u00e9sentons une <strong>analyse compl\u00e8te<\/strong> de votre situation, des risques \u00e9ventuels encourus, et vous <b>proposons la strat\u00e9gie la plus efficace<\/b> afin de faire valoir vos droits ;<\/li><li><span style=\"background-color: transparent; color: var(--global-palette4); font-family: var(--global-body-font-family);\">nous vous <\/span><strong style=\"background-color: transparent; color: var(--global-palette4); font-family: var(--global-body-font-family);\">assistons<\/strong><span style=\"background-color: transparent; color: var(--global-palette4); font-family: var(--global-body-font-family);\"> et vous <\/span><strong style=\"background-color: transparent; color: var(--global-palette4); font-family: var(--global-body-font-family);\">repr\u00e9sentons<\/strong><span style=\"background-color: transparent; color: var(--global-palette4); font-family: var(--global-body-font-family);\"> lors de l\u2019<\/span><strong style=\"background-color: transparent; color: var(--global-palette4); font-family: var(--global-body-font-family);\">audience de conciliation ;<\/strong><\/li><li>nous vous assistons et vous repr\u00e9sentons lors de l&rsquo;<strong>audience de plaidoirie <\/strong>devant le Conseil de prud&rsquo;hommes et la Cour d&rsquo;appel.<\/li><\/ul>\t\t\t\t\t\t\t\t<\/div>\n\t\t\t\t<\/div>\n\t\t\t\t\t<\/div>\n\t\t<\/div>\n\t\t\t\t\t<\/div>\n\t\t<\/section>\n\t\t\t\t\t<\/div>\n\t\t<\/div>\n\t\t\t\t\t<\/div>\n\t\t<\/section>\n\t\t\t\t<\/div>\n\t\t","protected":false},"excerpt":{"rendered":"<p>CONTENTIEUX PRUD&rsquo;HOMAL N\u00e9gociation et transaction Les litiges entre l&rsquo;Employeur et le salari\u00e9 concernant l&rsquo;ex\u00e9cution du contrat de travail peuvent amener \u00e0 une d\u00e9t\u00e9rioration des relations, et engendrer un climat pesant au sein m\u00eame de l&rsquo;entreprise. Afin de pallier ces cons\u00e9quences, il peut \u00eatre n\u00e9cessaire de transiger dans le but de trouver une issue amiable au&#8230;<\/p>\n","protected":false},"author":1,"featured_media":0,"parent":0,"menu_order":0,"comment_status":"closed","ping_status":"closed","template":"","meta":{"_kad_post_transparent":"","_kad_post_title":"hide","_kad_post_layout":"fullwidth","_kad_post_sidebar_id":"","_kad_post_content_style":"unboxed","_kad_post_vertical_padding":"hide","_kad_post_feature":"hide","_kad_post_feature_position":"","_kad_post_header":false,"_kad_post_footer":false,"footnotes":""},"class_list":["post-294","page","type-page","status-publish","hentry"],"yoast_head":"<!-- This site is optimized with the Yoast SEO plugin v25.2 - https:\/\/yoast.com\/wordpress\/plugins\/seo\/ -->\n<title>Contentieux prud&#039;homal -<\/title>\n<meta name=\"robots\" content=\"index, follow, max-snippet:-1, max-image-preview:large, max-video-preview:-1\" \/>\n<link rel=\"canonical\" href=\"https:\/\/chaixavocat.com\/index.php\/contentieux-prudhomal\/\" \/>\n<meta property=\"og:locale\" content=\"fr_FR\" \/>\n<meta property=\"og:type\" content=\"article\" \/>\n<meta property=\"og:title\" content=\"Contentieux prud&#039;homal -\" \/>\n<meta property=\"og:description\" content=\"CONTENTIEUX PRUD&rsquo;HOMAL N\u00e9gociation et transaction Les litiges entre l&rsquo;Employeur et le salari\u00e9 concernant l&rsquo;ex\u00e9cution du contrat de travail peuvent amener \u00e0 une d\u00e9t\u00e9rioration des relations, et engendrer un climat pesant au sein m\u00eame de l&rsquo;entreprise. Afin de pallier ces cons\u00e9quences, il peut \u00eatre n\u00e9cessaire de transiger dans le but de trouver une issue amiable au...\" \/>\n<meta property=\"og:url\" content=\"https:\/\/chaixavocat.com\/index.php\/contentieux-prudhomal\/\" \/>\n<meta property=\"article:modified_time\" content=\"2021-03-07T16:41:30+00:00\" \/>\n<meta property=\"og:image\" content=\"https:\/\/chaixavocat.com\/wp-content\/uploads\/2021\/02\/relations-collectives2-1.jpeg\" \/>\n<meta name=\"twitter:card\" content=\"summary_large_image\" \/>\n<meta name=\"twitter:label1\" content=\"Dur\u00e9e de lecture estim\u00e9e\" \/>\n\t<meta name=\"twitter:data1\" content=\"3 minutes\" \/>\n<script type=\"application\/ld+json\" class=\"yoast-schema-graph\">{\"@context\":\"https:\/\/schema.org\",\"@graph\":[{\"@type\":\"WebPage\",\"@id\":\"https:\/\/chaixavocat.com\/index.php\/contentieux-prudhomal\/\",\"url\":\"https:\/\/chaixavocat.com\/index.php\/contentieux-prudhomal\/\",\"name\":\"Contentieux prud'homal -\",\"isPartOf\":{\"@id\":\"https:\/\/chaixavocat.com\/#website\"},\"primaryImageOfPage\":{\"@id\":\"https:\/\/chaixavocat.com\/index.php\/contentieux-prudhomal\/#primaryimage\"},\"image\":{\"@id\":\"https:\/\/chaixavocat.com\/index.php\/contentieux-prudhomal\/#primaryimage\"},\"thumbnailUrl\":\"https:\/\/chaixavocat.com\/wp-content\/uploads\/2021\/02\/relations-collectives2-1.jpeg\",\"datePublished\":\"2021-01-08T09:00:28+00:00\",\"dateModified\":\"2021-03-07T16:41:30+00:00\",\"breadcrumb\":{\"@id\":\"https:\/\/chaixavocat.com\/index.php\/contentieux-prudhomal\/#breadcrumb\"},\"inLanguage\":\"fr-FR\",\"potentialAction\":[{\"@type\":\"ReadAction\",\"target\":[\"https:\/\/chaixavocat.com\/index.php\/contentieux-prudhomal\/\"]}]},{\"@type\":\"ImageObject\",\"inLanguage\":\"fr-FR\",\"@id\":\"https:\/\/chaixavocat.com\/index.php\/contentieux-prudhomal\/#primaryimage\",\"url\":\"https:\/\/chaixavocat.com\/wp-content\/uploads\/2021\/02\/relations-collectives2-1.jpeg\",\"contentUrl\":\"https:\/\/chaixavocat.com\/wp-content\/uploads\/2021\/02\/relations-collectives2-1.jpeg\",\"width\":360,\"height\":240},{\"@type\":\"BreadcrumbList\",\"@id\":\"https:\/\/chaixavocat.com\/index.php\/contentieux-prudhomal\/#breadcrumb\",\"itemListElement\":[{\"@type\":\"ListItem\",\"position\":1,\"name\":\"Home\",\"item\":\"https:\/\/chaixavocat.com\/\"},{\"@type\":\"ListItem\",\"position\":2,\"name\":\"Contentieux prud&rsquo;homal\"}]},{\"@type\":\"WebSite\",\"@id\":\"https:\/\/chaixavocat.com\/#website\",\"url\":\"https:\/\/chaixavocat.com\/\",\"name\":\"\",\"description\":\"AVOCAT EN DROIT DU TRAVAIL\",\"publisher\":{\"@id\":\"https:\/\/chaixavocat.com\/#organization\"},\"potentialAction\":[{\"@type\":\"SearchAction\",\"target\":{\"@type\":\"EntryPoint\",\"urlTemplate\":\"https:\/\/chaixavocat.com\/?s={search_term_string}\"},\"query-input\":{\"@type\":\"PropertyValueSpecification\",\"valueRequired\":true,\"valueName\":\"search_term_string\"}}],\"inLanguage\":\"fr-FR\"},{\"@type\":\"Organization\",\"@id\":\"https:\/\/chaixavocat.com\/#organization\",\"name\":\"Trsitan CHAIX AVOCAT\",\"url\":\"https:\/\/chaixavocat.com\/\",\"logo\":{\"@type\":\"ImageObject\",\"inLanguage\":\"fr-FR\",\"@id\":\"https:\/\/chaixavocat.com\/#\/schema\/logo\/image\/\",\"url\":\"https:\/\/chaixavocat.com\/wp-content\/uploads\/2021\/01\/logo-CHAiX-AVOCAT-2.png\",\"contentUrl\":\"https:\/\/chaixavocat.com\/wp-content\/uploads\/2021\/01\/logo-CHAiX-AVOCAT-2.png\",\"width\":500,\"height\":500,\"caption\":\"Trsitan CHAIX AVOCAT\"},\"image\":{\"@id\":\"https:\/\/chaixavocat.com\/#\/schema\/logo\/image\/\"}}]}<\/script>\n<!-- \/ Yoast SEO plugin. -->","yoast_head_json":{"title":"Contentieux prud'homal -","robots":{"index":"index","follow":"follow","max-snippet":"max-snippet:-1","max-image-preview":"max-image-preview:large","max-video-preview":"max-video-preview:-1"},"canonical":"https:\/\/chaixavocat.com\/index.php\/contentieux-prudhomal\/","og_locale":"fr_FR","og_type":"article","og_title":"Contentieux prud'homal -","og_description":"CONTENTIEUX PRUD&rsquo;HOMAL N\u00e9gociation et transaction Les litiges entre l&rsquo;Employeur et le salari\u00e9 concernant l&rsquo;ex\u00e9cution du contrat de travail peuvent amener \u00e0 une d\u00e9t\u00e9rioration des relations, et engendrer un climat pesant au sein m\u00eame de l&rsquo;entreprise. Afin de pallier ces cons\u00e9quences, il peut \u00eatre n\u00e9cessaire de transiger dans le but de trouver une issue amiable au...","og_url":"https:\/\/chaixavocat.com\/index.php\/contentieux-prudhomal\/","article_modified_time":"2021-03-07T16:41:30+00:00","og_image":[{"url":"https:\/\/chaixavocat.com\/wp-content\/uploads\/2021\/02\/relations-collectives2-1.jpeg","type":"","width":"","height":""}],"twitter_card":"summary_large_image","twitter_misc":{"Dur\u00e9e de lecture estim\u00e9e":"3 minutes"},"schema":{"@context":"https:\/\/schema.org","@graph":[{"@type":"WebPage","@id":"https:\/\/chaixavocat.com\/index.php\/contentieux-prudhomal\/","url":"https:\/\/chaixavocat.com\/index.php\/contentieux-prudhomal\/","name":"Contentieux prud'homal -","isPartOf":{"@id":"https:\/\/chaixavocat.com\/#website"},"primaryImageOfPage":{"@id":"https:\/\/chaixavocat.com\/index.php\/contentieux-prudhomal\/#primaryimage"},"image":{"@id":"https:\/\/chaixavocat.com\/index.php\/contentieux-prudhomal\/#primaryimage"},"thumbnailUrl":"https:\/\/chaixavocat.com\/wp-content\/uploads\/2021\/02\/relations-collectives2-1.jpeg","datePublished":"2021-01-08T09:00:28+00:00","dateModified":"2021-03-07T16:41:30+00:00","breadcrumb":{"@id":"https:\/\/chaixavocat.com\/index.php\/contentieux-prudhomal\/#breadcrumb"},"inLanguage":"fr-FR","potentialAction":[{"@type":"ReadAction","target":["https:\/\/chaixavocat.com\/index.php\/contentieux-prudhomal\/"]}]},{"@type":"ImageObject","inLanguage":"fr-FR","@id":"https:\/\/chaixavocat.com\/index.php\/contentieux-prudhomal\/#primaryimage","url":"https:\/\/chaixavocat.com\/wp-content\/uploads\/2021\/02\/relations-collectives2-1.jpeg","contentUrl":"https:\/\/chaixavocat.com\/wp-content\/uploads\/2021\/02\/relations-collectives2-1.jpeg","width":360,"height":240},{"@type":"BreadcrumbList","@id":"https:\/\/chaixavocat.com\/index.php\/contentieux-prudhomal\/#breadcrumb","itemListElement":[{"@type":"ListItem","position":1,"name":"Home","item":"https:\/\/chaixavocat.com\/"},{"@type":"ListItem","position":2,"name":"Contentieux prud&rsquo;homal"}]},{"@type":"WebSite","@id":"https:\/\/chaixavocat.com\/#website","url":"https:\/\/chaixavocat.com\/","name":"","description":"AVOCAT EN DROIT DU TRAVAIL","publisher":{"@id":"https:\/\/chaixavocat.com\/#organization"},"potentialAction":[{"@type":"SearchAction","target":{"@type":"EntryPoint","urlTemplate":"https:\/\/chaixavocat.com\/?s={search_term_string}"},"query-input":{"@type":"PropertyValueSpecification","valueRequired":true,"valueName":"search_term_string"}}],"inLanguage":"fr-FR"},{"@type":"Organization","@id":"https:\/\/chaixavocat.com\/#organization","name":"Trsitan CHAIX AVOCAT","url":"https:\/\/chaixavocat.com\/","logo":{"@type":"ImageObject","inLanguage":"fr-FR","@id":"https:\/\/chaixavocat.com\/#\/schema\/logo\/image\/","url":"https:\/\/chaixavocat.com\/wp-content\/uploads\/2021\/01\/logo-CHAiX-AVOCAT-2.png","contentUrl":"https:\/\/chaixavocat.com\/wp-content\/uploads\/2021\/01\/logo-CHAiX-AVOCAT-2.png","width":500,"height":500,"caption":"Trsitan CHAIX AVOCAT"},"image":{"@id":"https:\/\/chaixavocat.com\/#\/schema\/logo\/image\/"}}]}},"_links":{"self":[{"href":"https:\/\/chaixavocat.com\/index.php\/wp-json\/wp\/v2\/pages\/294","targetHints":{"allow":["GET"]}}],"collection":[{"href":"https:\/\/chaixavocat.com\/index.php\/wp-json\/wp\/v2\/pages"}],"about":[{"href":"https:\/\/chaixavocat.com\/index.php\/wp-json\/wp\/v2\/types\/page"}],"author":[{"embeddable":true,"href":"https:\/\/chaixavocat.com\/index.php\/wp-json\/wp\/v2\/users\/1"}],"replies":[{"embeddable":true,"href":"https:\/\/chaixavocat.com\/index.php\/wp-json\/wp\/v2\/comments?post=294"}],"version-history":[{"count":34,"href":"https:\/\/chaixavocat.com\/index.php\/wp-json\/wp\/v2\/pages\/294\/revisions"}],"predecessor-version":[{"id":893,"href":"https:\/\/chaixavocat.com\/index.php\/wp-json\/wp\/v2\/pages\/294\/revisions\/893"}],"wp:attachment":[{"href":"https:\/\/chaixavocat.com\/index.php\/wp-json\/wp\/v2\/media?parent=294"}],"curies":[{"name":"wp","href":"https:\/\/api.w.org\/{rel}","templated":true}]}}