{"id":35,"date":"2020-12-08T13:25:59","date_gmt":"2020-12-08T12:25:59","guid":{"rendered":"http:\/\/site.chaixavocat.com\/?page_id=35"},"modified":"2021-02-12T13:13:52","modified_gmt":"2021-02-12T12:13:52","slug":"about","status":"publish","type":"page","link":"https:\/\/chaixavocat.com\/index.php\/about\/","title":{"rendered":"Le Cabinet"},"content":{"rendered":"\t\t<div data-elementor-type=\"wp-page\" data-elementor-id=\"35\" class=\"elementor elementor-35\">\n\t\t\t\t\t\t<section class=\"elementor-section elementor-top-section elementor-element elementor-element-27ccd70 elementor-section-boxed elementor-section-height-default elementor-section-height-default\" data-id=\"27ccd70\" data-element_type=\"section\" data-settings=\"{&quot;background_background&quot;:&quot;classic&quot;}\">\n\t\t\t\t\t\t\t<div class=\"elementor-background-overlay\"><\/div>\n\t\t\t\t\t\t\t<div class=\"elementor-container elementor-column-gap-default\">\n\t\t\t\t\t<div class=\"elementor-column elementor-col-50 elementor-top-column elementor-element elementor-element-2035273\" data-id=\"2035273\" data-element_type=\"column\">\n\t\t\t<div class=\"elementor-widget-wrap elementor-element-populated\">\n\t\t\t\t\t\t<div class=\"elementor-element elementor-element-6236359 elementor-widget__width-inherit elementor-widget elementor-widget-image\" data-id=\"6236359\" data-element_type=\"widget\" data-widget_type=\"image.default\">\n\t\t\t\t<div class=\"elementor-widget-container\">\n\t\t\t\t\t\t\t\t\t\t\t\t\t\t\t<img fetchpriority=\"high\" decoding=\"async\" width=\"2000\" height=\"1333\" src=\"https:\/\/chaixavocat.com\/wp-content\/uploads\/2020\/12\/Shooting-studio-Monkey-Mirror-6-web.jpg\" class=\"attachment-full size-full wp-image-121\" alt=\"\" srcset=\"https:\/\/chaixavocat.com\/wp-content\/uploads\/2020\/12\/Shooting-studio-Monkey-Mirror-6-web.jpg 2000w, https:\/\/chaixavocat.com\/wp-content\/uploads\/2020\/12\/Shooting-studio-Monkey-Mirror-6-web-300x200.jpg 300w, https:\/\/chaixavocat.com\/wp-content\/uploads\/2020\/12\/Shooting-studio-Monkey-Mirror-6-web-1024x682.jpg 1024w, https:\/\/chaixavocat.com\/wp-content\/uploads\/2020\/12\/Shooting-studio-Monkey-Mirror-6-web-768x512.jpg 768w, https:\/\/chaixavocat.com\/wp-content\/uploads\/2020\/12\/Shooting-studio-Monkey-Mirror-6-web-1536x1024.jpg 1536w\" sizes=\"(max-width: 2000px) 100vw, 2000px\" \/>\t\t\t\t\t\t\t\t\t\t\t\t\t\t\t<\/div>\n\t\t\t\t<\/div>\n\t\t\t\t\t<\/div>\n\t\t<\/div>\n\t\t\t\t<div class=\"elementor-column elementor-col-50 elementor-top-column elementor-element elementor-element-8a6b8f1\" data-id=\"8a6b8f1\" data-element_type=\"column\">\n\t\t\t<div class=\"elementor-widget-wrap elementor-element-populated\">\n\t\t\t\t\t\t<section class=\"elementor-section elementor-inner-section elementor-element elementor-element-b0913aa elementor-section-boxed elementor-section-height-default elementor-section-height-default\" data-id=\"b0913aa\" data-element_type=\"section\">\n\t\t\t\t\t\t<div class=\"elementor-container elementor-column-gap-default\">\n\t\t\t\t\t<div class=\"elementor-column elementor-col-66 elementor-inner-column elementor-element elementor-element-cfa0fe6\" data-id=\"cfa0fe6\" data-element_type=\"column\">\n\t\t\t<div class=\"elementor-widget-wrap elementor-element-populated\">\n\t\t\t\t\t\t<div class=\"elementor-element elementor-element-b86c387 elementor-widget elementor-widget-heading\" data-id=\"b86c387\" data-element_type=\"widget\" data-widget_type=\"heading.default\">\n\t\t\t\t<div class=\"elementor-widget-container\">\n\t\t\t\t\t<h2 class=\"elementor-heading-title elementor-size-default\"><h2 class=\"elementor-heading-title elementor-size-default elementor-inline-editing pen\" data-elementor-setting-key=\"title\" data-pen-placeholder=\"\u00c9crivez ici...\">Ma\u00eetre Tristan CHAIX<\/h2><\/h2>\t\t\t\t<\/div>\n\t\t\t\t<\/div>\n\t\t\t\t\t<\/div>\n\t\t<\/div>\n\t\t\t\t<div class=\"elementor-column elementor-col-33 elementor-inner-column elementor-element elementor-element-4d4b4ba\" data-id=\"4d4b4ba\" data-element_type=\"column\">\n\t\t\t<div class=\"elementor-widget-wrap elementor-element-populated\">\n\t\t\t\t\t\t<div class=\"elementor-element elementor-element-9d7771d e-grid-align-right elementor-shape-rounded elementor-grid-0 elementor-widget elementor-widget-social-icons\" data-id=\"9d7771d\" data-element_type=\"widget\" data-widget_type=\"social-icons.default\">\n\t\t\t\t<div class=\"elementor-widget-container\">\n\t\t\t\t\t\t\t<div class=\"elementor-social-icons-wrapper elementor-grid\">\n\t\t\t\t\t\t\t<span class=\"elementor-grid-item\">\n\t\t\t\t\t<a class=\"elementor-icon elementor-social-icon elementor-social-icon-linkedin elementor-animation-shrink elementor-repeater-item-52732d8\" href=\"https:\/\/fr.linkedin.com\/in\/tristan-chaix-1662058b\" target=\"_blank\">\n\t\t\t\t\t\t<span class=\"elementor-screen-only\">Linkedin<\/span>\n\t\t\t\t\t\t<i class=\"fab fa-linkedin\"><\/i>\t\t\t\t\t<\/a>\n\t\t\t\t<\/span>\n\t\t\t\t\t<\/div>\n\t\t\t\t\t\t<\/div>\n\t\t\t\t<\/div>\n\t\t\t\t\t<\/div>\n\t\t<\/div>\n\t\t\t\t\t<\/div>\n\t\t<\/section>\n\t\t\t\t<div class=\"elementor-element elementor-element-f9aaeaf elementor-widget elementor-widget-text-editor\" data-id=\"f9aaeaf\" data-element_type=\"widget\" data-widget_type=\"text-editor.default\">\n\t\t\t\t<div class=\"elementor-widget-container\">\n\t\t\t\t\t\t\t\t\t<p class=\"MsoNormal\" style=\"margin-bottom: 0.0001pt; text-align: justify; line-height: normal; background-image: initial; background-position: initial; background-size: initial; background-repeat: initial; background-attachment: initial; background-origin: initial; background-clip: initial;\"><em><span style=\"font-size: 11.5pt; font-family: 'Open Sans',serif; mso-fareast-font-family: 'Times New Roman'; mso-bidi-font-family: 'Times New Roman'; color: #686868; letter-spacing: .25pt; mso-fareast-language: FR;\">Certificat d\u2019Aptitude \u00e0 la profession d\u2019Avocat<\/span><\/em><\/p><p class=\"MsoNormal\" style=\"margin-bottom: 0.0001pt; text-align: justify; line-height: normal; background-image: initial; background-position: initial; background-size: initial; background-repeat: initial; background-attachment: initial; background-origin: initial; background-clip: initial;\"><em><span style=\"font-size: 11.5pt; font-family: 'Open Sans',serif; mso-fareast-font-family: 'Times New Roman'; mso-bidi-font-family: 'Times New Roman'; color: #686868; letter-spacing: .25pt; mso-fareast-language: FR;\">Master II Droit des affaires &#8211; Universit\u00e9 de Lyon III Jean Moulin \u2013 Institut des Assurances de Lyon<\/span><\/em><\/p><p>Tristan CHAIX a d\u00e9velopp\u00e9 son expertise durant plusieurs ann\u00e9es au sein de plusieurs cabinets sp\u00e9cialis\u00e9s en droit social, pour le compte de PME et Grandes Entreprises.<\/p>\t\t\t\t\t\t\t\t<\/div>\n\t\t\t\t<\/div>\n\t\t\t\t\t<\/div>\n\t\t<\/div>\n\t\t\t\t\t<\/div>\n\t\t<\/section>\n\t\t\t\t<section class=\"elementor-section elementor-top-section elementor-element elementor-element-c6aa598 elementor-section-boxed elementor-section-height-default elementor-section-height-default\" data-id=\"c6aa598\" data-element_type=\"section\" data-settings=\"{&quot;background_background&quot;:&quot;classic&quot;}\">\n\t\t\t\t\t\t\t<div class=\"elementor-background-overlay\"><\/div>\n\t\t\t\t\t\t\t<div class=\"elementor-container elementor-column-gap-default\">\n\t\t\t\t\t<div class=\"elementor-column elementor-col-50 elementor-top-column elementor-element elementor-element-dd26260\" data-id=\"dd26260\" data-element_type=\"column\">\n\t\t\t<div class=\"elementor-widget-wrap elementor-element-populated\">\n\t\t\t\t\t\t<div class=\"elementor-element elementor-element-e6a22f1 elementor-widget elementor-widget-text-editor\" data-id=\"e6a22f1\" data-element_type=\"widget\" data-widget_type=\"text-editor.default\">\n\t\t\t\t<div class=\"elementor-widget-container\">\n\t\t\t\t\t\t\t\t\t<p><strong>Ses domaines de pr\u00e9dilection<\/strong>\u00a0:<\/p><ul><li>Le conseil personnalis\u00e9 aux entreprises pour toutes questions relevant de la <strong>gestion du personnel<\/strong>, ou des relations avec leurs repr\u00e9sentants du personnel et d\u00e9l\u00e9gu\u00e9s syndicaux\u00a0;<\/li><li><strong>L\u2019accompagnement lors d\u2019un litige<\/strong>, avec une analyse pr\u00e9alable de la situation, l\u2019\u00e9laboration d\u2019une strat\u00e9gie de n\u00e9gociation \u00e9ventuelle, et enfin la repr\u00e9sentation devant les juridictions prud\u2019homales ;<\/li><li>L\u2019\u00e9laboration de proc\u00e9dures harmonis\u00e9es pour la <strong>gestion des dossiers Accidents du Travail et Maladies Professionnelles<\/strong>\u00a0;<\/li><li>La r\u00e9alisation d\u2019<strong>audits de conformit\u00e9<\/strong> lors d\u2019op\u00e9rations de fusion-acquisition\u00a0et de r\u00e9organisation de l\u2019entreprise ;<\/li><li>L\u2019assistance lors de la <strong>r\u00e9daction d\u2019accords collectifs<\/strong> (dur\u00e9e du travail, t\u00e9l\u00e9travail, \u00e9galit\u00e9 professionnelle, \u2026).<\/li><\/ul>\t\t\t\t\t\t\t\t<\/div>\n\t\t\t\t<\/div>\n\t\t\t\t\t<\/div>\n\t\t<\/div>\n\t\t\t\t<div class=\"elementor-column elementor-col-50 elementor-top-column elementor-element elementor-element-b194a35\" data-id=\"b194a35\" data-element_type=\"column\">\n\t\t\t<div class=\"elementor-widget-wrap elementor-element-populated\">\n\t\t\t\t\t\t<div class=\"elementor-element elementor-element-1523226 elementor-widget elementor-widget-image\" data-id=\"1523226\" data-element_type=\"widget\" data-widget_type=\"image.default\">\n\t\t\t\t<div class=\"elementor-widget-container\">\n\t\t\t\t\t\t\t\t\t\t\t\t\t\t\t<img decoding=\"async\" width=\"2048\" height=\"1938\" src=\"https:\/\/chaixavocat.com\/wp-content\/uploads\/2021\/02\/Avocat1-2048x1938.jpeg\" class=\"attachment-2048x2048 size-2048x2048 wp-image-753\" alt=\"\" srcset=\"https:\/\/chaixavocat.com\/wp-content\/uploads\/2021\/02\/Avocat1-2048x1938.jpeg 2048w, https:\/\/chaixavocat.com\/wp-content\/uploads\/2021\/02\/Avocat1-300x284.jpeg 300w, https:\/\/chaixavocat.com\/wp-content\/uploads\/2021\/02\/Avocat1-1024x969.jpeg 1024w, https:\/\/chaixavocat.com\/wp-content\/uploads\/2021\/02\/Avocat1-768x727.jpeg 768w, https:\/\/chaixavocat.com\/wp-content\/uploads\/2021\/02\/Avocat1-1536x1454.jpeg 1536w\" sizes=\"(max-width: 2048px) 100vw, 2048px\" \/>\t\t\t\t\t\t\t\t\t\t\t\t\t\t\t<\/div>\n\t\t\t\t<\/div>\n\t\t\t\t\t<\/div>\n\t\t<\/div>\n\t\t\t\t\t<\/div>\n\t\t<\/section>\n\t\t\t\t<\/div>\n\t\t","protected":false},"excerpt":{"rendered":"<p>Ma\u00eetre Tristan CHAIX Linkedin Certificat d\u2019Aptitude \u00e0 la profession d\u2019Avocat Master II Droit des affaires &#8211; Universit\u00e9 de Lyon III Jean Moulin \u2013 Institut des Assurances de Lyon Tristan CHAIX a d\u00e9velopp\u00e9 son expertise durant plusieurs ann\u00e9es au sein de plusieurs cabinets sp\u00e9cialis\u00e9s en droit social, pour le compte de PME et Grandes Entreprises. Ses&#8230;<\/p>\n","protected":false},"author":1,"featured_media":0,"parent":0,"menu_order":0,"comment_status":"closed","ping_status":"closed","template":"","meta":{"_kad_post_transparent":"","_kad_post_title":"","_kad_post_layout":"","_kad_post_sidebar_id":"","_kad_post_content_style":"","_kad_post_vertical_padding":"","_kad_post_feature":"","_kad_post_feature_position":"","_kad_post_header":false,"_kad_post_footer":false,"footnotes":""},"class_list":["post-35","page","type-page","status-publish","hentry"],"yoast_head":"<!-- This site is optimized with the Yoast SEO plugin v25.2 - https:\/\/yoast.com\/wordpress\/plugins\/seo\/ -->\n<title>Le Cabinet -<\/title>\n<meta name=\"robots\" content=\"index, follow, max-snippet:-1, max-image-preview:large, max-video-preview:-1\" \/>\n<link rel=\"canonical\" href=\"https:\/\/chaixavocat.com\/index.php\/about\/\" \/>\n<meta property=\"og:locale\" content=\"fr_FR\" \/>\n<meta property=\"og:type\" content=\"article\" \/>\n<meta property=\"og:title\" content=\"Le Cabinet -\" \/>\n<meta property=\"og:description\" content=\"Ma\u00eetre Tristan CHAIX Linkedin Certificat d\u2019Aptitude \u00e0 la profession d\u2019Avocat Master II Droit des affaires &#8211; Universit\u00e9 de Lyon III Jean Moulin \u2013 Institut des Assurances de Lyon Tristan CHAIX a d\u00e9velopp\u00e9 son expertise durant plusieurs ann\u00e9es au sein de plusieurs cabinets sp\u00e9cialis\u00e9s en droit social, pour le compte de PME et Grandes Entreprises. Ses...\" \/>\n<meta property=\"og:url\" content=\"https:\/\/chaixavocat.com\/index.php\/about\/\" \/>\n<meta property=\"article:modified_time\" content=\"2021-02-12T12:13:52+00:00\" \/>\n<meta property=\"og:image\" content=\"https:\/\/chaixavocat.com\/wp-content\/uploads\/2020\/12\/Shooting-studio-Monkey-Mirror-6-web.jpg\" \/>\n<meta name=\"twitter:card\" content=\"summary_large_image\" \/>\n<meta name=\"twitter:label1\" content=\"Dur\u00e9e de lecture estim\u00e9e\" \/>\n\t<meta name=\"twitter:data1\" content=\"2 minutes\" \/>\n<script type=\"application\/ld+json\" class=\"yoast-schema-graph\">{\"@context\":\"https:\/\/schema.org\",\"@graph\":[{\"@type\":\"WebPage\",\"@id\":\"https:\/\/chaixavocat.com\/index.php\/about\/\",\"url\":\"https:\/\/chaixavocat.com\/index.php\/about\/\",\"name\":\"Le Cabinet -\",\"isPartOf\":{\"@id\":\"https:\/\/chaixavocat.com\/#website\"},\"primaryImageOfPage\":{\"@id\":\"https:\/\/chaixavocat.com\/index.php\/about\/#primaryimage\"},\"image\":{\"@id\":\"https:\/\/chaixavocat.com\/index.php\/about\/#primaryimage\"},\"thumbnailUrl\":\"https:\/\/chaixavocat.com\/wp-content\/uploads\/2020\/12\/Shooting-studio-Monkey-Mirror-6-web.jpg\",\"datePublished\":\"2020-12-08T12:25:59+00:00\",\"dateModified\":\"2021-02-12T12:13:52+00:00\",\"breadcrumb\":{\"@id\":\"https:\/\/chaixavocat.com\/index.php\/about\/#breadcrumb\"},\"inLanguage\":\"fr-FR\",\"potentialAction\":[{\"@type\":\"ReadAction\",\"target\":[\"https:\/\/chaixavocat.com\/index.php\/about\/\"]}]},{\"@type\":\"ImageObject\",\"inLanguage\":\"fr-FR\",\"@id\":\"https:\/\/chaixavocat.com\/index.php\/about\/#primaryimage\",\"url\":\"https:\/\/chaixavocat.com\/wp-content\/uploads\/2020\/12\/Shooting-studio-Monkey-Mirror-6-web.jpg\",\"contentUrl\":\"https:\/\/chaixavocat.com\/wp-content\/uploads\/2020\/12\/Shooting-studio-Monkey-Mirror-6-web.jpg\",\"width\":2000,\"height\":1333},{\"@type\":\"BreadcrumbList\",\"@id\":\"https:\/\/chaixavocat.com\/index.php\/about\/#breadcrumb\",\"itemListElement\":[{\"@type\":\"ListItem\",\"position\":1,\"name\":\"Home\",\"item\":\"https:\/\/chaixavocat.com\/\"},{\"@type\":\"ListItem\",\"position\":2,\"name\":\"Le Cabinet\"}]},{\"@type\":\"WebSite\",\"@id\":\"https:\/\/chaixavocat.com\/#website\",\"url\":\"https:\/\/chaixavocat.com\/\",\"name\":\"\",\"description\":\"AVOCAT EN DROIT DU TRAVAIL\",\"publisher\":{\"@id\":\"https:\/\/chaixavocat.com\/#organization\"},\"potentialAction\":[{\"@type\":\"SearchAction\",\"target\":{\"@type\":\"EntryPoint\",\"urlTemplate\":\"https:\/\/chaixavocat.com\/?s={search_term_string}\"},\"query-input\":{\"@type\":\"PropertyValueSpecification\",\"valueRequired\":true,\"valueName\":\"search_term_string\"}}],\"inLanguage\":\"fr-FR\"},{\"@type\":\"Organization\",\"@id\":\"https:\/\/chaixavocat.com\/#organization\",\"name\":\"Trsitan CHAIX AVOCAT\",\"url\":\"https:\/\/chaixavocat.com\/\",\"logo\":{\"@type\":\"ImageObject\",\"inLanguage\":\"fr-FR\",\"@id\":\"https:\/\/chaixavocat.com\/#\/schema\/logo\/image\/\",\"url\":\"https:\/\/chaixavocat.com\/wp-content\/uploads\/2021\/01\/logo-CHAiX-AVOCAT-2.png\",\"contentUrl\":\"https:\/\/chaixavocat.com\/wp-content\/uploads\/2021\/01\/logo-CHAiX-AVOCAT-2.png\",\"width\":500,\"height\":500,\"caption\":\"Trsitan CHAIX AVOCAT\"},\"image\":{\"@id\":\"https:\/\/chaixavocat.com\/#\/schema\/logo\/image\/\"}}]}<\/script>\n<!-- \/ Yoast SEO plugin. -->","yoast_head_json":{"title":"Le Cabinet -","robots":{"index":"index","follow":"follow","max-snippet":"max-snippet:-1","max-image-preview":"max-image-preview:large","max-video-preview":"max-video-preview:-1"},"canonical":"https:\/\/chaixavocat.com\/index.php\/about\/","og_locale":"fr_FR","og_type":"article","og_title":"Le Cabinet -","og_description":"Ma\u00eetre Tristan CHAIX Linkedin Certificat d\u2019Aptitude \u00e0 la profession d\u2019Avocat Master II Droit des affaires &#8211; Universit\u00e9 de Lyon III Jean Moulin \u2013 Institut des Assurances de Lyon Tristan CHAIX a d\u00e9velopp\u00e9 son expertise durant plusieurs ann\u00e9es au sein de plusieurs cabinets sp\u00e9cialis\u00e9s en droit social, pour le compte de PME et Grandes Entreprises. Ses...","og_url":"https:\/\/chaixavocat.com\/index.php\/about\/","article_modified_time":"2021-02-12T12:13:52+00:00","og_image":[{"url":"https:\/\/chaixavocat.com\/wp-content\/uploads\/2020\/12\/Shooting-studio-Monkey-Mirror-6-web.jpg","type":"","width":"","height":""}],"twitter_card":"summary_large_image","twitter_misc":{"Dur\u00e9e de lecture estim\u00e9e":"2 minutes"},"schema":{"@context":"https:\/\/schema.org","@graph":[{"@type":"WebPage","@id":"https:\/\/chaixavocat.com\/index.php\/about\/","url":"https:\/\/chaixavocat.com\/index.php\/about\/","name":"Le Cabinet -","isPartOf":{"@id":"https:\/\/chaixavocat.com\/#website"},"primaryImageOfPage":{"@id":"https:\/\/chaixavocat.com\/index.php\/about\/#primaryimage"},"image":{"@id":"https:\/\/chaixavocat.com\/index.php\/about\/#primaryimage"},"thumbnailUrl":"https:\/\/chaixavocat.com\/wp-content\/uploads\/2020\/12\/Shooting-studio-Monkey-Mirror-6-web.jpg","datePublished":"2020-12-08T12:25:59+00:00","dateModified":"2021-02-12T12:13:52+00:00","breadcrumb":{"@id":"https:\/\/chaixavocat.com\/index.php\/about\/#breadcrumb"},"inLanguage":"fr-FR","potentialAction":[{"@type":"ReadAction","target":["https:\/\/chaixavocat.com\/index.php\/about\/"]}]},{"@type":"ImageObject","inLanguage":"fr-FR","@id":"https:\/\/chaixavocat.com\/index.php\/about\/#primaryimage","url":"https:\/\/chaixavocat.com\/wp-content\/uploads\/2020\/12\/Shooting-studio-Monkey-Mirror-6-web.jpg","contentUrl":"https:\/\/chaixavocat.com\/wp-content\/uploads\/2020\/12\/Shooting-studio-Monkey-Mirror-6-web.jpg","width":2000,"height":1333},{"@type":"BreadcrumbList","@id":"https:\/\/chaixavocat.com\/index.php\/about\/#breadcrumb","itemListElement":[{"@type":"ListItem","position":1,"name":"Home","item":"https:\/\/chaixavocat.com\/"},{"@type":"ListItem","position":2,"name":"Le Cabinet"}]},{"@type":"WebSite","@id":"https:\/\/chaixavocat.com\/#website","url":"https:\/\/chaixavocat.com\/","name":"","description":"AVOCAT EN DROIT DU TRAVAIL","publisher":{"@id":"https:\/\/chaixavocat.com\/#organization"},"potentialAction":[{"@type":"SearchAction","target":{"@type":"EntryPoint","urlTemplate":"https:\/\/chaixavocat.com\/?s={search_term_string}"},"query-input":{"@type":"PropertyValueSpecification","valueRequired":true,"valueName":"search_term_string"}}],"inLanguage":"fr-FR"},{"@type":"Organization","@id":"https:\/\/chaixavocat.com\/#organization","name":"Trsitan CHAIX AVOCAT","url":"https:\/\/chaixavocat.com\/","logo":{"@type":"ImageObject","inLanguage":"fr-FR","@id":"https:\/\/chaixavocat.com\/#\/schema\/logo\/image\/","url":"https:\/\/chaixavocat.com\/wp-content\/uploads\/2021\/01\/logo-CHAiX-AVOCAT-2.png","contentUrl":"https:\/\/chaixavocat.com\/wp-content\/uploads\/2021\/01\/logo-CHAiX-AVOCAT-2.png","width":500,"height":500,"caption":"Trsitan CHAIX AVOCAT"},"image":{"@id":"https:\/\/chaixavocat.com\/#\/schema\/logo\/image\/"}}]}},"_links":{"self":[{"href":"https:\/\/chaixavocat.com\/index.php\/wp-json\/wp\/v2\/pages\/35","targetHints":{"allow":["GET"]}}],"collection":[{"href":"https:\/\/chaixavocat.com\/index.php\/wp-json\/wp\/v2\/pages"}],"about":[{"href":"https:\/\/chaixavocat.com\/index.php\/wp-json\/wp\/v2\/types\/page"}],"author":[{"embeddable":true,"href":"https:\/\/chaixavocat.com\/index.php\/wp-json\/wp\/v2\/users\/1"}],"replies":[{"embeddable":true,"href":"https:\/\/chaixavocat.com\/index.php\/wp-json\/wp\/v2\/comments?post=35"}],"version-history":[{"count":39,"href":"https:\/\/chaixavocat.com\/index.php\/wp-json\/wp\/v2\/pages\/35\/revisions"}],"predecessor-version":[{"id":854,"href":"https:\/\/chaixavocat.com\/index.php\/wp-json\/wp\/v2\/pages\/35\/revisions\/854"}],"wp:attachment":[{"href":"https:\/\/chaixavocat.com\/index.php\/wp-json\/wp\/v2\/media?parent=35"}],"curies":[{"name":"wp","href":"https:\/\/api.w.org\/{rel}","templated":true}]}}