{"id":485,"date":"2021-01-13T19:30:27","date_gmt":"2021-01-13T18:30:27","guid":{"rendered":"http:\/\/site.chaixavocat.com\/?page_id=485"},"modified":"2021-02-03T15:49:54","modified_gmt":"2021-02-03T14:49:54","slug":"audit-social","status":"publish","type":"page","link":"https:\/\/chaixavocat.com\/index.php\/audit-social\/","title":{"rendered":"Audit social"},"content":{"rendered":"\t\t<div data-elementor-type=\"wp-page\" data-elementor-id=\"485\" class=\"elementor elementor-485\">\n\t\t\t\t\t\t<section class=\"elementor-section elementor-top-section elementor-element elementor-element-360cb4e elementor-section-boxed elementor-section-height-default elementor-section-height-default\" data-id=\"360cb4e\" data-element_type=\"section\">\n\t\t\t\t\t\t<div class=\"elementor-container elementor-column-gap-default\">\n\t\t\t\t\t<div class=\"elementor-column elementor-col-100 elementor-top-column elementor-element elementor-element-d7f7ae6\" data-id=\"d7f7ae6\" data-element_type=\"column\">\n\t\t\t<div class=\"elementor-widget-wrap elementor-element-populated\">\n\t\t\t\t\t\t<div class=\"elementor-element elementor-element-91e840a elementor-widget elementor-widget-heading\" data-id=\"91e840a\" data-element_type=\"widget\" data-widget_type=\"heading.default\">\n\t\t\t\t<div class=\"elementor-widget-container\">\n\t\t\t\t\t<h2 class=\"elementor-heading-title elementor-size-default\">AUDIT SOCIAL<\/h2>\t\t\t\t<\/div>\n\t\t\t\t<\/div>\n\t\t\t\t<section class=\"elementor-section elementor-inner-section elementor-element elementor-element-ee78ce1 elementor-section-boxed elementor-section-height-default elementor-section-height-default\" data-id=\"ee78ce1\" data-element_type=\"section\">\n\t\t\t\t\t\t<div class=\"elementor-container elementor-column-gap-default\">\n\t\t\t\t\t<div class=\"elementor-column elementor-col-50 elementor-inner-column elementor-element elementor-element-8d23196\" data-id=\"8d23196\" data-element_type=\"column\">\n\t\t\t<div class=\"elementor-widget-wrap elementor-element-populated\">\n\t\t\t\t\t\t<div class=\"elementor-element elementor-element-8bf98a9 elementor-widget elementor-widget-heading\" data-id=\"8bf98a9\" data-element_type=\"widget\" data-widget_type=\"heading.default\">\n\t\t\t\t<div class=\"elementor-widget-container\">\n\t\t\t\t\t<h2 class=\"elementor-heading-title elementor-size-default\">Audit conformit\u00e9<\/h2>\t\t\t\t<\/div>\n\t\t\t\t<\/div>\n\t\t\t\t<div class=\"elementor-element elementor-element-5c08b2c elementor-widget elementor-widget-text-editor\" data-id=\"5c08b2c\" data-element_type=\"widget\" data-widget_type=\"text-editor.default\">\n\t\t\t\t<div class=\"elementor-widget-container\">\n\t\t\t\t\t\t\t\t\t<p>Code du travail, convention collective, jurisprudence, etc&#8230; : les r\u00e8gles de droit du travail applicables sont en constante \u00e9volution.<\/p>\n<p>Ces modifications complexifient le r\u00f4le de l&rsquo;Employeur qui doit \u00eatre constamment vigilant, \u00ab\u00a0<em>nul n&rsquo;\u00e9tant cens\u00e9 ignorer la loi\u00a0\u00bb<\/em>.<\/p>\n<p>Il est donc important de vous assurer que vos pratiques en mati\u00e8re de droit du travail et de droit de la s\u00e9curit\u00e9 sociale soient conformes \u00e0 la r\u00e9glementation en vigueur.<\/p>\t\t\t\t\t\t\t\t<\/div>\n\t\t\t\t<\/div>\n\t\t\t\t<div class=\"elementor-element elementor-element-b2dca45 elementor-widget elementor-widget-spacer\" data-id=\"b2dca45\" data-element_type=\"widget\" data-widget_type=\"spacer.default\">\n\t\t\t\t<div class=\"elementor-widget-container\">\n\t\t\t\t\t\t\t<div class=\"elementor-spacer\">\n\t\t\t<div class=\"elementor-spacer-inner\"><\/div>\n\t\t<\/div>\n\t\t\t\t\t\t<\/div>\n\t\t\t\t<\/div>\n\t\t\t\t<div class=\"elementor-element elementor-element-7977bd0 elementor-widget elementor-widget-image\" data-id=\"7977bd0\" data-element_type=\"widget\" data-widget_type=\"image.default\">\n\t\t\t\t<div class=\"elementor-widget-container\">\n\t\t\t\t\t\t\t\t\t\t\t\t\t\t\t<img fetchpriority=\"high\" decoding=\"async\" width=\"427\" height=\"240\" src=\"https:\/\/chaixavocat.com\/wp-content\/uploads\/2021\/02\/audit-conformite2.jpg\" class=\"attachment-large size-large wp-image-689\" alt=\"\" srcset=\"https:\/\/chaixavocat.com\/wp-content\/uploads\/2021\/02\/audit-conformite2.jpg 427w, https:\/\/chaixavocat.com\/wp-content\/uploads\/2021\/02\/audit-conformite2-300x169.jpg 300w\" sizes=\"(max-width: 427px) 100vw, 427px\" \/>\t\t\t\t\t\t\t\t\t\t\t\t\t\t\t<\/div>\n\t\t\t\t<\/div>\n\t\t\t\t\t<\/div>\n\t\t<\/div>\n\t\t\t\t<div class=\"elementor-column elementor-col-50 elementor-inner-column elementor-element elementor-element-49917a5\" data-id=\"49917a5\" data-element_type=\"column\">\n\t\t\t<div class=\"elementor-widget-wrap elementor-element-populated\">\n\t\t\t\t\t\t<div class=\"elementor-element elementor-element-94b702e elementor-widget elementor-widget-spacer\" data-id=\"94b702e\" data-element_type=\"widget\" data-widget_type=\"spacer.default\">\n\t\t\t\t<div class=\"elementor-widget-container\">\n\t\t\t\t\t\t\t<div class=\"elementor-spacer\">\n\t\t\t<div class=\"elementor-spacer-inner\"><\/div>\n\t\t<\/div>\n\t\t\t\t\t\t<\/div>\n\t\t\t\t<\/div>\n\t\t\t\t<div class=\"elementor-element elementor-element-6f72d76 elementor-widget elementor-widget-image\" data-id=\"6f72d76\" data-element_type=\"widget\" data-widget_type=\"image.default\">\n\t\t\t\t<div class=\"elementor-widget-container\">\n\t\t\t\t\t\t\t\t\t\t\t\t\t\t\t<img decoding=\"async\" width=\"353\" height=\"240\" src=\"https:\/\/chaixavocat.com\/wp-content\/uploads\/2021\/02\/Audit-conformite.jpg\" class=\"attachment-large size-large wp-image-688\" alt=\"\" srcset=\"https:\/\/chaixavocat.com\/wp-content\/uploads\/2021\/02\/Audit-conformite.jpg 353w, https:\/\/chaixavocat.com\/wp-content\/uploads\/2021\/02\/Audit-conformite-300x204.jpg 300w\" sizes=\"(max-width: 353px) 100vw, 353px\" \/>\t\t\t\t\t\t\t\t\t\t\t\t\t\t\t<\/div>\n\t\t\t\t<\/div>\n\t\t\t\t<div class=\"elementor-element elementor-element-b8d6347 elementor-widget elementor-widget-spacer\" data-id=\"b8d6347\" data-element_type=\"widget\" data-widget_type=\"spacer.default\">\n\t\t\t\t<div class=\"elementor-widget-container\">\n\t\t\t\t\t\t\t<div class=\"elementor-spacer\">\n\t\t\t<div class=\"elementor-spacer-inner\"><\/div>\n\t\t<\/div>\n\t\t\t\t\t\t<\/div>\n\t\t\t\t<\/div>\n\t\t\t\t<div class=\"elementor-element elementor-element-642bfb5 elementor-widget elementor-widget-text-editor\" data-id=\"642bfb5\" data-element_type=\"widget\" data-widget_type=\"text-editor.default\">\n\t\t\t\t<div class=\"elementor-widget-container\">\n\t\t\t\t\t\t\t\t\t<p>Cette conformit\u00e9 est en effet indispensable \u00e0 la s\u00e9curit\u00e9 juridique et financi\u00e8re de votre entreprise.<\/p>\n<p>Outre l\u2019identification des risques sociaux existants, la r\u00e9alisation d\u2019un audit de conformit\u00e9 peut vous permettre d\u2019engager de nouvelles r\u00e9flexions sur les r\u00e8gles applicables au sein de l\u2019entreprise (organisation du temps de travail, restructuration, &#8230;).<\/p>\n<p>Notre Cabinet intervient \u00e0 vos c\u00f4t\u00e9s et r\u00e9alise un audit conformit\u00e9 de votre entreprise afin de s&rsquo;assurer du respect de la r\u00e9glementation, vous pr\u00e9senter les risques \u00e9ventuels encourus, et vous proposer des solutions pragmatiques pour vous mettre en conformit\u00e9.&nbsp;&nbsp;<\/p>\t\t\t\t\t\t\t\t<\/div>\n\t\t\t\t<\/div>\n\t\t\t\t\t<\/div>\n\t\t<\/div>\n\t\t\t\t\t<\/div>\n\t\t<\/section>\n\t\t\t\t\t<\/div>\n\t\t<\/div>\n\t\t\t\t\t<\/div>\n\t\t<\/section>\n\t\t\t\t<section class=\"elementor-section elementor-top-section elementor-element elementor-element-79efadc elementor-section-boxed elementor-section-height-default elementor-section-height-default\" data-id=\"79efadc\" data-element_type=\"section\">\n\t\t\t\t\t\t<div class=\"elementor-container elementor-column-gap-default\">\n\t\t\t\t\t<div class=\"elementor-column elementor-col-100 elementor-top-column elementor-element elementor-element-4def9fb\" data-id=\"4def9fb\" data-element_type=\"column\">\n\t\t\t<div class=\"elementor-widget-wrap elementor-element-populated\">\n\t\t\t\t\t\t<section class=\"elementor-section elementor-inner-section elementor-element elementor-element-3455ca0 elementor-section-boxed elementor-section-height-default elementor-section-height-default\" data-id=\"3455ca0\" data-element_type=\"section\">\n\t\t\t\t\t\t<div class=\"elementor-container elementor-column-gap-default\">\n\t\t\t\t\t<div class=\"elementor-column elementor-col-50 elementor-inner-column elementor-element elementor-element-0aa308e\" data-id=\"0aa308e\" data-element_type=\"column\">\n\t\t\t<div class=\"elementor-widget-wrap elementor-element-populated\">\n\t\t\t\t\t\t<div class=\"elementor-element elementor-element-d66cdd7 elementor-widget elementor-widget-heading\" data-id=\"d66cdd7\" data-element_type=\"widget\" data-widget_type=\"heading.default\">\n\t\t\t\t<div class=\"elementor-widget-container\">\n\t\t\t\t\t<h2 class=\"elementor-heading-title elementor-size-default\">Audit acquisition<\/h2>\t\t\t\t<\/div>\n\t\t\t\t<\/div>\n\t\t\t\t<div class=\"elementor-element elementor-element-ee4b6ab elementor-widget elementor-widget-text-editor\" data-id=\"ee4b6ab\" data-element_type=\"widget\" data-widget_type=\"text-editor.default\">\n\t\t\t\t<div class=\"elementor-widget-container\">\n\t\t\t\t\t\t\t\t\t<p>Notre Cabinet assiste les entreprises dans leurs op\u00e9rations de fusion\/acquisition pour analyser les pratiques sociales d\u2019une entreprise et s\u2019assurer de leur conformit\u00e9 aux r\u00e8gles l\u00e9gales et conventionnelles.<\/p><p>Cet audit s&rsquo;accompagne d&rsquo;une quantification de chacun des risques sociaux, et de nos pr\u00e9conisations de mise en conformit\u00e9, afin de vous permettre de prendre une d\u00e9cision de mani\u00e8re \u00e9clair\u00e9e et s\u00e9curis\u00e9e.<\/p><p>Ces op\u00e9rations exigent une coordination avec les diff\u00e9rents intervenants. L\u2019analyse peut se faire directement au sein de l\u2019entreprise \u00e0 auditer, ou via une data room.<\/p><p>Le Cabinet s\u2019adapte aux besoins de ses clients en mati\u00e8re de process, de d\u00e9lais de restitution, de points \u00e0 auditer et de contenu du rapport.<\/p>\t\t\t\t\t\t\t\t<\/div>\n\t\t\t\t<\/div>\n\t\t\t\t\t<\/div>\n\t\t<\/div>\n\t\t\t\t<div class=\"elementor-column elementor-col-50 elementor-inner-column elementor-element elementor-element-631bd8b\" data-id=\"631bd8b\" data-element_type=\"column\">\n\t\t\t<div class=\"elementor-widget-wrap elementor-element-populated\">\n\t\t\t\t\t\t<div class=\"elementor-element elementor-element-ca2f530 elementor-widget elementor-widget-spacer\" data-id=\"ca2f530\" data-element_type=\"widget\" data-widget_type=\"spacer.default\">\n\t\t\t\t<div class=\"elementor-widget-container\">\n\t\t\t\t\t\t\t<div class=\"elementor-spacer\">\n\t\t\t<div class=\"elementor-spacer-inner\"><\/div>\n\t\t<\/div>\n\t\t\t\t\t\t<\/div>\n\t\t\t\t<\/div>\n\t\t\t\t<div class=\"elementor-element elementor-element-3022a5f elementor-widget elementor-widget-image\" data-id=\"3022a5f\" data-element_type=\"widget\" data-widget_type=\"image.default\">\n\t\t\t\t<div class=\"elementor-widget-container\">\n\t\t\t\t\t\t\t\t\t\t\t\t\t\t\t<img decoding=\"async\" width=\"360\" height=\"240\" src=\"https:\/\/chaixavocat.com\/wp-content\/uploads\/2021\/02\/audit-acquisition.jpg\" class=\"attachment-large size-large wp-image-690\" alt=\"\" srcset=\"https:\/\/chaixavocat.com\/wp-content\/uploads\/2021\/02\/audit-acquisition.jpg 360w, https:\/\/chaixavocat.com\/wp-content\/uploads\/2021\/02\/audit-acquisition-300x200.jpg 300w\" sizes=\"(max-width: 360px) 100vw, 360px\" \/>\t\t\t\t\t\t\t\t\t\t\t\t\t\t\t<\/div>\n\t\t\t\t<\/div>\n\t\t\t\t\t<\/div>\n\t\t<\/div>\n\t\t\t\t\t<\/div>\n\t\t<\/section>\n\t\t\t\t\t<\/div>\n\t\t<\/div>\n\t\t\t\t\t<\/div>\n\t\t<\/section>\n\t\t\t\t<\/div>\n\t\t","protected":false},"excerpt":{"rendered":"<p>AUDIT SOCIAL Audit conformit\u00e9 Code du travail, convention collective, jurisprudence, etc&#8230; : les r\u00e8gles de droit du travail applicables sont en constante \u00e9volution. Ces modifications complexifient le r\u00f4le de l&rsquo;Employeur qui doit \u00eatre constamment vigilant, \u00ab\u00a0nul n&rsquo;\u00e9tant cens\u00e9 ignorer la loi\u00a0\u00bb. Il est donc important de vous assurer que vos pratiques en mati\u00e8re de droit&#8230;<\/p>\n","protected":false},"author":1,"featured_media":0,"parent":0,"menu_order":0,"comment_status":"closed","ping_status":"closed","template":"","meta":{"_kad_post_transparent":"","_kad_post_title":"hide","_kad_post_layout":"fullwidth","_kad_post_sidebar_id":"","_kad_post_content_style":"unboxed","_kad_post_vertical_padding":"hide","_kad_post_feature":"hide","_kad_post_feature_position":"","_kad_post_header":false,"_kad_post_footer":false,"footnotes":""},"class_list":["post-485","page","type-page","status-publish","hentry"],"yoast_head":"<!-- This site is optimized with the Yoast SEO plugin v25.2 - https:\/\/yoast.com\/wordpress\/plugins\/seo\/ -->\n<title>Audit social -<\/title>\n<meta name=\"robots\" content=\"index, follow, max-snippet:-1, max-image-preview:large, max-video-preview:-1\" \/>\n<link rel=\"canonical\" href=\"https:\/\/chaixavocat.com\/index.php\/audit-social\/\" \/>\n<meta property=\"og:locale\" content=\"fr_FR\" \/>\n<meta property=\"og:type\" content=\"article\" \/>\n<meta property=\"og:title\" content=\"Audit social -\" \/>\n<meta property=\"og:description\" content=\"AUDIT SOCIAL Audit conformit\u00e9 Code du travail, convention collective, jurisprudence, etc&#8230; : les r\u00e8gles de droit du travail applicables sont en constante \u00e9volution. Ces modifications complexifient le r\u00f4le de l&rsquo;Employeur qui doit \u00eatre constamment vigilant, \u00ab\u00a0nul n&rsquo;\u00e9tant cens\u00e9 ignorer la loi\u00a0\u00bb. Il est donc important de vous assurer que vos pratiques en mati\u00e8re de droit...\" \/>\n<meta property=\"og:url\" content=\"https:\/\/chaixavocat.com\/index.php\/audit-social\/\" \/>\n<meta property=\"article:modified_time\" content=\"2021-02-03T14:49:54+00:00\" \/>\n<meta property=\"og:image\" content=\"https:\/\/site.chaixavocat.com\/wp-content\/uploads\/2021\/02\/audit-conformite2.jpg\" \/>\n<meta name=\"twitter:card\" content=\"summary_large_image\" \/>\n<meta name=\"twitter:label1\" content=\"Dur\u00e9e de lecture estim\u00e9e\" \/>\n\t<meta name=\"twitter:data1\" content=\"2 minutes\" \/>\n<script type=\"application\/ld+json\" class=\"yoast-schema-graph\">{\"@context\":\"https:\/\/schema.org\",\"@graph\":[{\"@type\":\"WebPage\",\"@id\":\"https:\/\/chaixavocat.com\/index.php\/audit-social\/\",\"url\":\"https:\/\/chaixavocat.com\/index.php\/audit-social\/\",\"name\":\"Audit social -\",\"isPartOf\":{\"@id\":\"https:\/\/chaixavocat.com\/#website\"},\"primaryImageOfPage\":{\"@id\":\"https:\/\/chaixavocat.com\/index.php\/audit-social\/#primaryimage\"},\"image\":{\"@id\":\"https:\/\/chaixavocat.com\/index.php\/audit-social\/#primaryimage\"},\"thumbnailUrl\":\"https:\/\/site.chaixavocat.com\/wp-content\/uploads\/2021\/02\/audit-conformite2.jpg\",\"datePublished\":\"2021-01-13T18:30:27+00:00\",\"dateModified\":\"2021-02-03T14:49:54+00:00\",\"breadcrumb\":{\"@id\":\"https:\/\/chaixavocat.com\/index.php\/audit-social\/#breadcrumb\"},\"inLanguage\":\"fr-FR\",\"potentialAction\":[{\"@type\":\"ReadAction\",\"target\":[\"https:\/\/chaixavocat.com\/index.php\/audit-social\/\"]}]},{\"@type\":\"ImageObject\",\"inLanguage\":\"fr-FR\",\"@id\":\"https:\/\/chaixavocat.com\/index.php\/audit-social\/#primaryimage\",\"url\":\"https:\/\/site.chaixavocat.com\/wp-content\/uploads\/2021\/02\/audit-conformite2.jpg\",\"contentUrl\":\"https:\/\/site.chaixavocat.com\/wp-content\/uploads\/2021\/02\/audit-conformite2.jpg\"},{\"@type\":\"BreadcrumbList\",\"@id\":\"https:\/\/chaixavocat.com\/index.php\/audit-social\/#breadcrumb\",\"itemListElement\":[{\"@type\":\"ListItem\",\"position\":1,\"name\":\"Home\",\"item\":\"https:\/\/chaixavocat.com\/\"},{\"@type\":\"ListItem\",\"position\":2,\"name\":\"Audit social\"}]},{\"@type\":\"WebSite\",\"@id\":\"https:\/\/chaixavocat.com\/#website\",\"url\":\"https:\/\/chaixavocat.com\/\",\"name\":\"\",\"description\":\"AVOCAT EN DROIT DU TRAVAIL\",\"publisher\":{\"@id\":\"https:\/\/chaixavocat.com\/#organization\"},\"potentialAction\":[{\"@type\":\"SearchAction\",\"target\":{\"@type\":\"EntryPoint\",\"urlTemplate\":\"https:\/\/chaixavocat.com\/?s={search_term_string}\"},\"query-input\":{\"@type\":\"PropertyValueSpecification\",\"valueRequired\":true,\"valueName\":\"search_term_string\"}}],\"inLanguage\":\"fr-FR\"},{\"@type\":\"Organization\",\"@id\":\"https:\/\/chaixavocat.com\/#organization\",\"name\":\"Trsitan CHAIX AVOCAT\",\"url\":\"https:\/\/chaixavocat.com\/\",\"logo\":{\"@type\":\"ImageObject\",\"inLanguage\":\"fr-FR\",\"@id\":\"https:\/\/chaixavocat.com\/#\/schema\/logo\/image\/\",\"url\":\"https:\/\/chaixavocat.com\/wp-content\/uploads\/2021\/01\/logo-CHAiX-AVOCAT-2.png\",\"contentUrl\":\"https:\/\/chaixavocat.com\/wp-content\/uploads\/2021\/01\/logo-CHAiX-AVOCAT-2.png\",\"width\":500,\"height\":500,\"caption\":\"Trsitan CHAIX AVOCAT\"},\"image\":{\"@id\":\"https:\/\/chaixavocat.com\/#\/schema\/logo\/image\/\"}}]}<\/script>\n<!-- \/ Yoast SEO plugin. -->","yoast_head_json":{"title":"Audit social -","robots":{"index":"index","follow":"follow","max-snippet":"max-snippet:-1","max-image-preview":"max-image-preview:large","max-video-preview":"max-video-preview:-1"},"canonical":"https:\/\/chaixavocat.com\/index.php\/audit-social\/","og_locale":"fr_FR","og_type":"article","og_title":"Audit social -","og_description":"AUDIT SOCIAL Audit conformit\u00e9 Code du travail, convention collective, jurisprudence, etc&#8230; : les r\u00e8gles de droit du travail applicables sont en constante \u00e9volution. Ces modifications complexifient le r\u00f4le de l&rsquo;Employeur qui doit \u00eatre constamment vigilant, \u00ab\u00a0nul n&rsquo;\u00e9tant cens\u00e9 ignorer la loi\u00a0\u00bb. Il est donc important de vous assurer que vos pratiques en mati\u00e8re de droit...","og_url":"https:\/\/chaixavocat.com\/index.php\/audit-social\/","article_modified_time":"2021-02-03T14:49:54+00:00","og_image":[{"url":"https:\/\/site.chaixavocat.com\/wp-content\/uploads\/2021\/02\/audit-conformite2.jpg","type":"","width":"","height":""}],"twitter_card":"summary_large_image","twitter_misc":{"Dur\u00e9e de lecture estim\u00e9e":"2 minutes"},"schema":{"@context":"https:\/\/schema.org","@graph":[{"@type":"WebPage","@id":"https:\/\/chaixavocat.com\/index.php\/audit-social\/","url":"https:\/\/chaixavocat.com\/index.php\/audit-social\/","name":"Audit social -","isPartOf":{"@id":"https:\/\/chaixavocat.com\/#website"},"primaryImageOfPage":{"@id":"https:\/\/chaixavocat.com\/index.php\/audit-social\/#primaryimage"},"image":{"@id":"https:\/\/chaixavocat.com\/index.php\/audit-social\/#primaryimage"},"thumbnailUrl":"https:\/\/site.chaixavocat.com\/wp-content\/uploads\/2021\/02\/audit-conformite2.jpg","datePublished":"2021-01-13T18:30:27+00:00","dateModified":"2021-02-03T14:49:54+00:00","breadcrumb":{"@id":"https:\/\/chaixavocat.com\/index.php\/audit-social\/#breadcrumb"},"inLanguage":"fr-FR","potentialAction":[{"@type":"ReadAction","target":["https:\/\/chaixavocat.com\/index.php\/audit-social\/"]}]},{"@type":"ImageObject","inLanguage":"fr-FR","@id":"https:\/\/chaixavocat.com\/index.php\/audit-social\/#primaryimage","url":"https:\/\/site.chaixavocat.com\/wp-content\/uploads\/2021\/02\/audit-conformite2.jpg","contentUrl":"https:\/\/site.chaixavocat.com\/wp-content\/uploads\/2021\/02\/audit-conformite2.jpg"},{"@type":"BreadcrumbList","@id":"https:\/\/chaixavocat.com\/index.php\/audit-social\/#breadcrumb","itemListElement":[{"@type":"ListItem","position":1,"name":"Home","item":"https:\/\/chaixavocat.com\/"},{"@type":"ListItem","position":2,"name":"Audit social"}]},{"@type":"WebSite","@id":"https:\/\/chaixavocat.com\/#website","url":"https:\/\/chaixavocat.com\/","name":"","description":"AVOCAT EN DROIT DU TRAVAIL","publisher":{"@id":"https:\/\/chaixavocat.com\/#organization"},"potentialAction":[{"@type":"SearchAction","target":{"@type":"EntryPoint","urlTemplate":"https:\/\/chaixavocat.com\/?s={search_term_string}"},"query-input":{"@type":"PropertyValueSpecification","valueRequired":true,"valueName":"search_term_string"}}],"inLanguage":"fr-FR"},{"@type":"Organization","@id":"https:\/\/chaixavocat.com\/#organization","name":"Trsitan CHAIX AVOCAT","url":"https:\/\/chaixavocat.com\/","logo":{"@type":"ImageObject","inLanguage":"fr-FR","@id":"https:\/\/chaixavocat.com\/#\/schema\/logo\/image\/","url":"https:\/\/chaixavocat.com\/wp-content\/uploads\/2021\/01\/logo-CHAiX-AVOCAT-2.png","contentUrl":"https:\/\/chaixavocat.com\/wp-content\/uploads\/2021\/01\/logo-CHAiX-AVOCAT-2.png","width":500,"height":500,"caption":"Trsitan CHAIX AVOCAT"},"image":{"@id":"https:\/\/chaixavocat.com\/#\/schema\/logo\/image\/"}}]}},"_links":{"self":[{"href":"https:\/\/chaixavocat.com\/index.php\/wp-json\/wp\/v2\/pages\/485","targetHints":{"allow":["GET"]}}],"collection":[{"href":"https:\/\/chaixavocat.com\/index.php\/wp-json\/wp\/v2\/pages"}],"about":[{"href":"https:\/\/chaixavocat.com\/index.php\/wp-json\/wp\/v2\/types\/page"}],"author":[{"embeddable":true,"href":"https:\/\/chaixavocat.com\/index.php\/wp-json\/wp\/v2\/users\/1"}],"replies":[{"embeddable":true,"href":"https:\/\/chaixavocat.com\/index.php\/wp-json\/wp\/v2\/comments?post=485"}],"version-history":[{"count":37,"href":"https:\/\/chaixavocat.com\/index.php\/wp-json\/wp\/v2\/pages\/485\/revisions"}],"predecessor-version":[{"id":693,"href":"https:\/\/chaixavocat.com\/index.php\/wp-json\/wp\/v2\/pages\/485\/revisions\/693"}],"wp:attachment":[{"href":"https:\/\/chaixavocat.com\/index.php\/wp-json\/wp\/v2\/media?parent=485"}],"curies":[{"name":"wp","href":"https:\/\/api.w.org\/{rel}","templated":true}]}}